{"id":2736,"date":"2026-02-08T20:23:15","date_gmt":"2026-02-08T20:23:15","guid":{"rendered":"http:\/\/www.sorein.cz\/cz?page_id=2736"},"modified":"2026-02-17T11:55:24","modified_gmt":"2026-02-17T11:55:24","slug":"home-26","status":"publish","type":"page","link":"https:\/\/www.sorein.cz\/cz","title":{"rendered":"SO.REIN &#8211; Realitn\u00ed a investi\u010dn\u00ed developer"},"content":{"rendered":"\n<p class=\"has-text-align-center hidden has-medium-font-size\">Spole\u010dnost SO.REIN s.r.o. byla zalo\u017eena v r. 1991 a je specializov\u00e1na na \u010dinnost realitn\u00ed a investi\u010dn\u00ed v oblasti nemovitost\u00ed.<\/p>\n\n\n\n<p class=\"has-text-align-center has-medium-font-size\">Spole\u010dnost <strong>SO.REIN s.r.o.<\/strong> byla zalo\u017eena v roce 1991 a dlouhodob\u011b se specializuje na realitn\u00ed a investi\u010dn\u00ed \u010dinnost v oblasti nemovitost\u00ed. Zam\u011b\u0159ujeme se na komplexn\u00ed \u0159e\u0161en\u00ed realitn\u00edch projekt\u016f, odborn\u00e9 poradenstv\u00ed a \u00fazkou spolupr\u00e1ci se zahrani\u010dn\u00edmi investory. D\u00edky dlouholet\u00fdm zku\u0161enostem nab\u00edz\u00edme stabiln\u00ed z\u00e1zem\u00ed a individu\u00e1ln\u00ed p\u0159\u00edstup ke ka\u017ed\u00e9mu klientovi.<\/p>\n\n\n\n<div style=\"height:75px\" aria-hidden=\"true\" class=\"wp-block-spacer\"><\/div>\n\n\n\n<div class=\"wp-block-media-text is-stacked-on-mobile is-image-fill-element\"><figure class=\"wp-block-media-text__media\"><img loading=\"lazy\" decoding=\"async\" width=\"1024\" height=\"576\" src=\"http:\/\/www.sorein.cz\/cz\/wp-content\/uploads\/2026\/02\/c-dustin-91AQt9p4Mo8-unsplash-1024x576.jpg\" alt=\"\" class=\"wp-image-2800 size-full\" style=\"object-position:74% 16%\" srcset=\"https:\/\/www.sorein.cz\/cz\/wp-content\/uploads\/2026\/02\/c-dustin-91AQt9p4Mo8-unsplash-1024x576.jpg 1024w, https:\/\/www.sorein.cz\/cz\/wp-content\/uploads\/2026\/02\/c-dustin-91AQt9p4Mo8-unsplash-900x506.jpg 900w, https:\/\/www.sorein.cz\/cz\/wp-content\/uploads\/2026\/02\/c-dustin-91AQt9p4Mo8-unsplash-768x432.jpg 768w, https:\/\/www.sorein.cz\/cz\/wp-content\/uploads\/2026\/02\/c-dustin-91AQt9p4Mo8-unsplash-1536x864.jpg 1536w, https:\/\/www.sorein.cz\/cz\/wp-content\/uploads\/2026\/02\/c-dustin-91AQt9p4Mo8-unsplash.jpg 1920w\" sizes=\"auto, (max-width: 1024px) 100vw, 1024px\" \/><\/figure><div class=\"wp-block-media-text__content\">\n<div style=\"height:75px\" aria-hidden=\"true\" class=\"wp-block-spacer\"><\/div>\n\n\n\n<h2 class=\"wp-block-heading\">Na\u0161e slu\u017eby<\/h2>\n\n\n\n<p>Poskytujeme kompletn\u00ed realitn\u00ed a investi\u010dn\u00ed servis zahrnuj\u00edc\u00ed zejm\u00e9na:<\/p>\n\n\n\n<ul class=\"wp-block-list\">\n<li>prodej nemovitost\u00ed<\/li>\n\n\n\n<li>koupi nemovitost\u00ed<\/li>\n\n\n\n<li>pron\u00e1jem nemovitost\u00ed<\/li>\n\n\n\n<li>p\u0159evody nemovitost\u00ed<\/li>\n\n\n\n<li>pr\u00e1vn\u00ed poradenstv\u00ed<\/li>\n\n\n\n<li>odborn\u00e9 konzultace<\/li>\n\n\n\n<li>servis a podporu pro zahrani\u010dn\u00ed investory<\/li>\n<\/ul>\n\n\n\n<p>C\u00edlem na\u0161ich slu\u017eeb je zajistit bezpe\u010dn\u00fd, transparentn\u00ed a efektivn\u00ed pr\u016fb\u011bh ka\u017ed\u00e9 transakce.<\/p>\n\n\n\n<div style=\"height:100px\" aria-hidden=\"true\" class=\"wp-block-spacer\"><\/div>\n<\/div><\/div>\n\n\n\n<div class=\"wp-block-media-text has-media-on-the-right is-stacked-on-mobile is-image-fill-element\"><div class=\"wp-block-media-text__content\">\n<div style=\"height:100px\" aria-hidden=\"true\" class=\"wp-block-spacer\"><\/div>\n\n\n\n<h2 class=\"wp-block-heading\">Odborn\u00e9 z\u00e1zem\u00ed a spolupr\u00e1ce<\/h2>\n\n\n\n<p>Ke spolupr\u00e1ci nab\u00edz\u00edme zku\u0161en\u00e9 odborn\u00edky z kl\u00ed\u010dov\u00fdch oblast\u00ed souvisej\u00edc\u00edch s realitami a investicemi, zejm\u00e9na:<\/p>\n\n\n\n<ul class=\"wp-block-list\">\n<li>pr\u00e1vn\u00edky<\/li>\n\n\n\n<li>da\u0148ov\u00e9 a finan\u010dn\u00ed poradce<\/li>\n\n\n\n<li>architekty<\/li>\n\n\n\n<li>specialisty na prodej a koupi nemovitost\u00ed<\/li>\n<\/ul>\n\n\n\n<p>D\u00edky prov\u011b\u0159en\u00e9 s\u00edti odborn\u00edk\u016f jsme schopni poskytovat klient\u016fm komplexn\u00ed \u0159e\u0161en\u00ed od prvotn\u00ed konzultace a\u017e po \u00fasp\u011b\u0161n\u00e9 dokon\u010den\u00ed projektu.<\/p>\n\n\n\n<div style=\"height:75px\" aria-hidden=\"true\" class=\"wp-block-spacer\"><\/div>\n<\/div><figure class=\"wp-block-media-text__media\"><img loading=\"lazy\" decoding=\"async\" width=\"683\" height=\"1024\" src=\"http:\/\/www.sorein.cz\/cz\/wp-content\/uploads\/2026\/02\/sable-flow-T74mVg__F_k-unsplash-683x1024.jpg\" alt=\"\" class=\"wp-image-2802 size-full\" style=\"object-position:100% 35%\" srcset=\"https:\/\/www.sorein.cz\/cz\/wp-content\/uploads\/2026\/02\/sable-flow-T74mVg__F_k-unsplash-683x1024.jpg 683w, https:\/\/www.sorein.cz\/cz\/wp-content\/uploads\/2026\/02\/sable-flow-T74mVg__F_k-unsplash-467x700.jpg 467w, https:\/\/www.sorein.cz\/cz\/wp-content\/uploads\/2026\/02\/sable-flow-T74mVg__F_k-unsplash-768x1152.jpg 768w, https:\/\/www.sorein.cz\/cz\/wp-content\/uploads\/2026\/02\/sable-flow-T74mVg__F_k-unsplash-1024x1536.jpg 1024w, https:\/\/www.sorein.cz\/cz\/wp-content\/uploads\/2026\/02\/sable-flow-T74mVg__F_k-unsplash-1366x2048.jpg 1366w, https:\/\/www.sorein.cz\/cz\/wp-content\/uploads\/2026\/02\/sable-flow-T74mVg__F_k-unsplash-scaled.jpg 1707w\" sizes=\"auto, (max-width: 683px) 100vw, 683px\" \/><\/figure><\/div>\n\n\n\n<script>\ndocument.addEventListener('DOMContentLoaded', () => {\n  const slider = document.querySelector('#featured-slider');\n  if (!slider) return;\n\n  const maxChars = 131;\n  const targets = slider.querySelectorAll('.caption-wrap p, .caption-wrap p'); \n\n  targets.forEach(el => {\n\n    const original = el.textContent.trim();\nconsole.log(original.length)\n    if (original.length <= maxChars) return;\n\n    el.textContent = original.slice(0, maxChars).replace(\/\\s+\\S*$\/, '') + '';\n\n  });\n});\n\n<\/script>\n\n\n\n<p><\/p>\n","protected":false},"excerpt":{"rendered":"<p>Spole\u010dnost SO.REIN s.r.o. byla zalo\u017eena v r. 1991 a je specializov\u00e1na na \u010dinnost realitn\u00ed a investi\u010dn\u00ed v oblasti nemovitost\u00ed. Spole\u010dnost SO.REIN s.r.o. byla zalo\u017eena v roce 1991 a dlouhodob\u011b se specializuje na realitn\u00ed a investi\u010dn\u00ed \u010dinnost v oblasti nemovitost\u00ed. Zam\u011b\u0159ujeme se na komplexn\u00ed \u0159e\u0161en\u00ed realitn\u00edch projekt\u016f, odborn\u00e9 poradenstv\u00ed a \u00fazkou spolupr\u00e1ci se zahrani\u010dn\u00edmi investory. D\u00edky [&hellip;]<\/p>\n","protected":false},"author":4,"featured_media":2798,"parent":0,"menu_order":0,"comment_status":"closed","ping_status":"closed","template":"","meta":{"footnotes":""},"class_list":["post-2736","page","type-page","status-publish","has-post-thumbnail","hentry"],"_links":{"self":[{"href":"https:\/\/www.sorein.cz\/cz\/wp-json\/wp\/v2\/pages\/2736","targetHints":{"allow":["GET"]}}],"collection":[{"href":"https:\/\/www.sorein.cz\/cz\/wp-json\/wp\/v2\/pages"}],"about":[{"href":"https:\/\/www.sorein.cz\/cz\/wp-json\/wp\/v2\/types\/page"}],"author":[{"embeddable":true,"href":"https:\/\/www.sorein.cz\/cz\/wp-json\/wp\/v2\/users\/4"}],"replies":[{"embeddable":true,"href":"https:\/\/www.sorein.cz\/cz\/wp-json\/wp\/v2\/comments?post=2736"}],"version-history":[{"count":32,"href":"https:\/\/www.sorein.cz\/cz\/wp-json\/wp\/v2\/pages\/2736\/revisions"}],"predecessor-version":[{"id":2805,"href":"https:\/\/www.sorein.cz\/cz\/wp-json\/wp\/v2\/pages\/2736\/revisions\/2805"}],"wp:featuredmedia":[{"embeddable":true,"href":"https:\/\/www.sorein.cz\/cz\/wp-json\/wp\/v2\/media\/2798"}],"wp:attachment":[{"href":"https:\/\/www.sorein.cz\/cz\/wp-json\/wp\/v2\/media?parent=2736"}],"curies":[{"name":"wp","href":"https:\/\/api.w.org\/{rel}","templated":true}]}}