{"id":2482,"date":"2019-05-15T15:33:41","date_gmt":"2019-05-15T15:33:41","guid":{"rendered":"http:\/\/www.sorein.cz\/cz?page_id=2482"},"modified":"2019-05-16T11:18:57","modified_gmt":"2019-05-16T11:18:57","slug":"realizovane-projekty","status":"publish","type":"page","link":"https:\/\/www.sorein.cz\/cz\/realizovane-projekty","title":{"rendered":"REALIZOVAN\u00c9 PROJEKTY"},"content":{"rendered":"\n<ul class=\"wp-block-gallery columns-3 is-cropped\"><li class=\"blocks-gallery-item\"><figure><a href=\"http:\/\/www.sorein.cz\/cz\/realizovane-projekty-v-praze\"><img loading=\"lazy\" decoding=\"async\" width=\"719\" height=\"549\" src=\"http:\/\/www.sorein.cz\/cz\/wp-content\/uploads\/2019\/05\/praha-1-2.png\" alt=\"\" data-id=\"2521\" data-link=\"http:\/\/www.sorein.cz\/cz\/realizovane-projekty\/praha-3\" class=\"wp-image-2521\"\/><figcaption><strong>PRAHA<\/strong><\/figcaption><\/a><\/figure><\/li><li class=\"blocks-gallery-item\"><figure><a href=\"http:\/\/www.sorein.cz\/cz\/realizovane-projekty-v-marianskych-laznich\"><img loading=\"lazy\" decoding=\"async\" width=\"949\" height=\"666\" src=\"http:\/\/www.sorein.cz\/cz\/wp-content\/uploads\/2019\/05\/marianske-2-.png\" alt=\"\" data-id=\"2514\" data-link=\"http:\/\/www.sorein.cz\/cz\/realizovane-projekty\/marianske-2\" class=\"wp-image-2514\" srcset=\"https:\/\/www.sorein.cz\/cz\/wp-content\/uploads\/2019\/05\/marianske-2-.png 949w, https:\/\/www.sorein.cz\/cz\/wp-content\/uploads\/2019\/05\/marianske-2--900x632.png 900w, https:\/\/www.sorein.cz\/cz\/wp-content\/uploads\/2019\/05\/marianske-2--768x539.png 768w\" sizes=\"auto, (max-width: 949px) 100vw, 949px\" \/><figcaption><strong>MARI\u00c1NSK\u00c9 L\u00c1ZN\u011a   <\/strong><\/figcaption><\/a><\/figure><\/li><li class=\"blocks-gallery-item\"><figure><a href=\"http:\/\/www.sorein.cz\/cz\/realizovane-projekty-v-liberci\"><img loading=\"lazy\" decoding=\"async\" width=\"999\" height=\"561\" src=\"http:\/\/www.sorein.cz\/cz\/wp-content\/uploads\/2019\/05\/LIBEREC-1-1.png\" alt=\"\" data-id=\"2525\" data-link=\"http:\/\/www.sorein.cz\/cz\/realizovane-projekty\/liberec-2\" class=\"wp-image-2525\" srcset=\"https:\/\/www.sorein.cz\/cz\/wp-content\/uploads\/2019\/05\/LIBEREC-1-1.png 999w, https:\/\/www.sorein.cz\/cz\/wp-content\/uploads\/2019\/05\/LIBEREC-1-1-900x505.png 900w, https:\/\/www.sorein.cz\/cz\/wp-content\/uploads\/2019\/05\/LIBEREC-1-1-768x431.png 768w\" sizes=\"auto, (max-width: 999px) 100vw, 999px\" \/><figcaption><strong>LIBEREC<\/strong><\/figcaption><\/a><\/figure><\/li><\/ul>\n\n\n\n\n\n<p><\/p>\n","protected":false},"excerpt":{"rendered":"<p>PRAHA MARI\u00c1NSK\u00c9 L\u00c1ZN\u011a LIBEREC<\/p>\n","protected":false},"author":1,"featured_media":0,"parent":0,"menu_order":0,"comment_status":"closed","ping_status":"closed","template":"","meta":{"footnotes":""},"class_list":["post-2482","page","type-page","status-publish","hentry"],"_links":{"self":[{"href":"https:\/\/www.sorein.cz\/cz\/wp-json\/wp\/v2\/pages\/2482","targetHints":{"allow":["GET"]}}],"collection":[{"href":"https:\/\/www.sorein.cz\/cz\/wp-json\/wp\/v2\/pages"}],"about":[{"href":"https:\/\/www.sorein.cz\/cz\/wp-json\/wp\/v2\/types\/page"}],"author":[{"embeddable":true,"href":"https:\/\/www.sorein.cz\/cz\/wp-json\/wp\/v2\/users\/1"}],"replies":[{"embeddable":true,"href":"https:\/\/www.sorein.cz\/cz\/wp-json\/wp\/v2\/comments?post=2482"}],"version-history":[{"count":7,"href":"https:\/\/www.sorein.cz\/cz\/wp-json\/wp\/v2\/pages\/2482\/revisions"}],"predecessor-version":[{"id":2532,"href":"https:\/\/www.sorein.cz\/cz\/wp-json\/wp\/v2\/pages\/2482\/revisions\/2532"}],"wp:attachment":[{"href":"https:\/\/www.sorein.cz\/cz\/wp-json\/wp\/v2\/media?parent=2482"}],"curies":[{"name":"wp","href":"https:\/\/api.w.org\/{rel}","templated":true}]}}