{"id":2459,"date":"2019-05-15T15:18:07","date_gmt":"2019-05-15T15:18:07","guid":{"rendered":"http:\/\/www.sorein.cz\/cz?page_id=2459"},"modified":"2019-05-16T12:36:27","modified_gmt":"2019-05-16T12:36:27","slug":"realizovane-projekty-v-marianskych-laznich","status":"publish","type":"page","link":"https:\/\/www.sorein.cz\/cz\/realizovane-projekty-v-marianskych-laznich","title":{"rendered":"Mari\u00e1nsk\u00e9 l\u00e1zn\u011b"},"content":{"rendered":"\n<ul class=\"wp-block-gallery columns-1 is-cropped wp-block-gallery-1 is-layout-flex wp-block-gallery-is-layout-flex\"><li class=\"blocks-gallery-item\"><figure><img loading=\"lazy\" decoding=\"async\" width=\"840\" height=\"520\" src=\"http:\/\/www.sorein.cz\/cz\/wp-content\/uploads\/2019\/05\/rela-175-marianske_lazne-a4_1464685918_840x520_tt_90.jpg\" alt=\"\" data-id=\"2542\" data-link=\"http:\/\/www.sorein.cz\/cz\/wp-content\/uploads\/2019\/05\/rela-175-marianske_lazne-a4_1464685918_840x520_tt_90.jpg\" class=\"wp-image-2542\" srcset=\"https:\/\/www.sorein.cz\/cz\/wp-content\/uploads\/2019\/05\/rela-175-marianske_lazne-a4_1464685918_840x520_tt_90.jpg 840w, https:\/\/www.sorein.cz\/cz\/wp-content\/uploads\/2019\/05\/rela-175-marianske_lazne-a4_1464685918_840x520_tt_90-768x475.jpg 768w\" sizes=\"auto, (max-width: 840px) 100vw, 840px\" \/><\/figure><\/li><\/ul>\n\n\n\n<hr class=\"wp-block-separator\"\/>\n\n\n\n<p><\/p>\n\n\n\n<h3 class=\"wp-block-heading\">Mari\u00e1nsk\u00e9 L\u00e1zn\u011b<br><\/h3>\n\n\n\n<ul class=\"wp-block-list\"><li><a href=\"http:\/\/www.sorein.cz\/cz\/mladejovskeho-2-marianske-lazne\">Mlad\u011bjovsk\u00e9ho 150\/2<\/a><\/li><li><a href=\"http:\/\/www.sorein.cz\/cz\/hlavni-trida-88-marianske-lazne\">Hlavn\u00ed t\u0159\u00edda 230\/88<\/a><\/li><li><a href=\"http:\/\/www.sorein.cz\/cz\/hlavni-trida-10-marianske-lazne\">Hlavn\u00ed t\u0159\u00edda 81\/10<\/a><\/li><li><a href=\"http:\/\/www.sorein.cz\/cz\/trebizskeho-10-marianske-lazne\">T\u0159eb\u00edzsk\u00e9ho 118\/9<\/a><\/li><\/ul>\n","protected":false},"excerpt":{"rendered":"<p>Mari\u00e1nsk\u00e9 L\u00e1zn\u011b Mlad\u011bjovsk\u00e9ho 150\/2 Hlavn\u00ed t\u0159\u00edda 230\/88 Hlavn\u00ed t\u0159\u00edda 81\/10 T\u0159eb\u00edzsk\u00e9ho 118\/9<\/p>\n","protected":false},"author":1,"featured_media":0,"parent":0,"menu_order":0,"comment_status":"closed","ping_status":"closed","template":"","meta":{"footnotes":""},"class_list":["post-2459","page","type-page","status-publish","hentry"],"_links":{"self":[{"href":"https:\/\/www.sorein.cz\/cz\/wp-json\/wp\/v2\/pages\/2459","targetHints":{"allow":["GET"]}}],"collection":[{"href":"https:\/\/www.sorein.cz\/cz\/wp-json\/wp\/v2\/pages"}],"about":[{"href":"https:\/\/www.sorein.cz\/cz\/wp-json\/wp\/v2\/types\/page"}],"author":[{"embeddable":true,"href":"https:\/\/www.sorein.cz\/cz\/wp-json\/wp\/v2\/users\/1"}],"replies":[{"embeddable":true,"href":"https:\/\/www.sorein.cz\/cz\/wp-json\/wp\/v2\/comments?post=2459"}],"version-history":[{"count":4,"href":"https:\/\/www.sorein.cz\/cz\/wp-json\/wp\/v2\/pages\/2459\/revisions"}],"predecessor-version":[{"id":2544,"href":"https:\/\/www.sorein.cz\/cz\/wp-json\/wp\/v2\/pages\/2459\/revisions\/2544"}],"wp:attachment":[{"href":"https:\/\/www.sorein.cz\/cz\/wp-json\/wp\/v2\/media?parent=2459"}],"curies":[{"name":"wp","href":"https:\/\/api.w.org\/{rel}","templated":true}]}}