{"id":1882,"date":"2019-03-11T12:33:27","date_gmt":"2019-03-11T12:33:27","guid":{"rendered":"http:\/\/www.sorein.cz\/cz\/?page_id=1882"},"modified":"2019-05-16T12:28:30","modified_gmt":"2019-05-16T12:28:30","slug":"realizovane-projekty-v-praze","status":"publish","type":"page","link":"https:\/\/www.sorein.cz\/cz\/realizovane-projekty-v-praze","title":{"rendered":"Praha"},"content":{"rendered":"\n<ul class=\"wp-block-gallery columns-1 is-cropped wp-block-gallery-1 is-layout-flex wp-block-gallery-is-layout-flex\"><li class=\"blocks-gallery-item\"><figure><img loading=\"lazy\" decoding=\"async\" width=\"1024\" height=\"576\" src=\"http:\/\/www.sorein.cz\/cz\/wp-content\/uploads\/2019\/05\/VOL_1644-1024x576.jpg\" alt=\"\" data-id=\"2535\" data-link=\"http:\/\/www.sorein.cz\/cz\/wp-content\/uploads\/2019\/05\/VOL_1644.jpg\" class=\"wp-image-2535\" srcset=\"https:\/\/www.sorein.cz\/cz\/wp-content\/uploads\/2019\/05\/VOL_1644-1024x576.jpg 1024w, https:\/\/www.sorein.cz\/cz\/wp-content\/uploads\/2019\/05\/VOL_1644-900x506.jpg 900w, https:\/\/www.sorein.cz\/cz\/wp-content\/uploads\/2019\/05\/VOL_1644-768x432.jpg 768w, https:\/\/www.sorein.cz\/cz\/wp-content\/uploads\/2019\/05\/VOL_1644.jpg 1280w\" sizes=\"auto, (max-width: 1024px) 100vw, 1024px\" \/><\/figure><\/li><\/ul>\n\n\n\n<hr class=\"wp-block-separator\"\/>\n\n\n\n<h3 class=\"wp-block-heading\">Realizovan\u00e9 projekty v Praze<\/h3>\n\n\n\n<ul class=\"wp-block-list\"><li><a href=\"http:\/\/www.sorein.cz\/cz\/tylovo-namesti-5\">Tylovo n\u00e1m\u011bst\u00ed 668\/5<\/a><\/li><li><a href=\"http:\/\/www.sorein.cz\/cz\/vinohradska-45-praha-2-2\">Vinohradsk\u00e1 45<\/a><\/li><li><a href=\"http:\/\/www.sorein.cz\/cz\/legerova-54\">Legerova 485\/54<\/a><\/li><li><a href=\"http:\/\/www.sorein.cz\/cz\/nerudova-42-praha-1-2\">Nerudova 235\/43<\/a><\/li><li><a href=\"http:\/\/www.sorein.cz\/cz\/nerudova-42-praha-1\">Nerudova 224\/42<\/a><\/li><li><a href=\"http:\/\/www.sorein.cz\/cz\/melnicka-9\">M\u011blnick\u00e1 580\/9<\/a><\/li><li><a href=\"http:\/\/www.sorein.cz\/cz\/spalena-17-praha-1\">Sp\u00e1len\u00e1 90\/17, Praha 1<\/a><\/li><\/ul>\n","protected":false},"excerpt":{"rendered":"<p>Realizovan\u00e9 projekty v Praze Tylovo n\u00e1m\u011bst\u00ed 668\/5 Vinohradsk\u00e1 45 Legerova 485\/54 Nerudova 235\/43 Nerudova 224\/42 M\u011blnick\u00e1 580\/9 Sp\u00e1len\u00e1 90\/17, Praha 1<\/p>\n","protected":false},"author":1,"featured_media":0,"parent":0,"menu_order":0,"comment_status":"closed","ping_status":"closed","template":"","meta":{"footnotes":""},"class_list":["post-1882","page","type-page","status-publish","hentry"],"_links":{"self":[{"href":"https:\/\/www.sorein.cz\/cz\/wp-json\/wp\/v2\/pages\/1882","targetHints":{"allow":["GET"]}}],"collection":[{"href":"https:\/\/www.sorein.cz\/cz\/wp-json\/wp\/v2\/pages"}],"about":[{"href":"https:\/\/www.sorein.cz\/cz\/wp-json\/wp\/v2\/types\/page"}],"author":[{"embeddable":true,"href":"https:\/\/www.sorein.cz\/cz\/wp-json\/wp\/v2\/users\/1"}],"replies":[{"embeddable":true,"href":"https:\/\/www.sorein.cz\/cz\/wp-json\/wp\/v2\/comments?post=1882"}],"version-history":[{"count":13,"href":"https:\/\/www.sorein.cz\/cz\/wp-json\/wp\/v2\/pages\/1882\/revisions"}],"predecessor-version":[{"id":2537,"href":"https:\/\/www.sorein.cz\/cz\/wp-json\/wp\/v2\/pages\/1882\/revisions\/2537"}],"wp:attachment":[{"href":"https:\/\/www.sorein.cz\/cz\/wp-json\/wp\/v2\/media?parent=1882"}],"curies":[{"name":"wp","href":"https:\/\/api.w.org\/{rel}","templated":true}]}}