{"id":1508,"date":"2016-05-20T12:04:52","date_gmt":"2016-05-20T12:04:52","guid":{"rendered":"http:\/\/www.sorein.cz\/cz\/?page_id=1508"},"modified":"2019-05-24T09:20:56","modified_gmt":"2019-05-24T09:20:56","slug":"rodinny-dum-stare-krecany","status":"publish","type":"page","link":"https:\/\/www.sorein.cz\/cz\/rodinny-dum-stare-krecany","title":{"rendered":"Rodinn\u00fd d\u016fm, Star\u00e9 K\u0159e\u010dany"},"content":{"rendered":"<h2>Prodej rodinn\u00e9ho domu<\/h2>\n<p style=\"font-size: 16px;\">Nab\u00edz\u00edme k prodeji rodinn\u00fd d\u016fm se zahradou k rekonstrukci ve Star\u00fdch K\u0159e\u010danech, okres D\u011b\u010d\u00edn. Zastav\u011bn\u00e1 plocha 274 m\u00b2, Parcela 1686 m\u00b2. Prostorn\u00fd d\u016fm se nach\u00e1z\u00ed v centru velmi klidn\u00e9 obce. V dosahu je \u0161kola, \u0161kolka, po\u0161ta, zdravotnick\u00e9 za\u0159\u00edzen\u00ed, autobusov\u00e9 spojen\u00ed. V t\u011bsn\u00e9 bl\u00edzkosti se rozkl\u00e1d\u00e1 n\u00e1rodn\u00ed park \u010ceskosask\u00e9 \u0160v\u00fdcarsko, kter\u00fd sk\u00fdt\u00e1 mnoho kr\u00e1sn\u00fdch m\u00edst pro v\u00fdlety p\u011b\u0161ky i na kole.<\/p>\n\n\n<ul class=\"wp-block-gallery columns-3 is-cropped wp-block-gallery-1 is-layout-flex wp-block-gallery-is-layout-flex\"><li class=\"blocks-gallery-item\"><figure><img loading=\"lazy\" decoding=\"async\" width=\"1024\" height=\"766\" src=\"http:\/\/www.sorein.cz\/cz\/wp-content\/uploads\/2012\/05\/DSCN5868-1024x766.jpg\" alt=\"\" data-id=\"765\" data-link=\"http:\/\/www.sorein.cz\/cz\/dscn5868\" class=\"wp-image-765\" srcset=\"https:\/\/www.sorein.cz\/cz\/wp-content\/uploads\/2012\/05\/DSCN5868-1024x766.jpg 1024w, https:\/\/www.sorein.cz\/cz\/wp-content\/uploads\/2012\/05\/DSCN5868-900x673.jpg 900w\" sizes=\"auto, (max-width: 1024px) 100vw, 1024px\" \/><\/figure><\/li><li class=\"blocks-gallery-item\"><figure><img loading=\"lazy\" decoding=\"async\" width=\"1024\" height=\"766\" src=\"http:\/\/www.sorein.cz\/cz\/wp-content\/uploads\/2012\/05\/DSCN5865-1024x766.jpg\" alt=\"\" data-id=\"755\" data-link=\"http:\/\/www.sorein.cz\/cz\/dscn5865\" class=\"wp-image-755\" srcset=\"https:\/\/www.sorein.cz\/cz\/wp-content\/uploads\/2012\/05\/DSCN5865-1024x766.jpg 1024w, https:\/\/www.sorein.cz\/cz\/wp-content\/uploads\/2012\/05\/DSCN5865-900x673.jpg 900w\" sizes=\"auto, (max-width: 1024px) 100vw, 1024px\" \/><\/figure><\/li><li class=\"blocks-gallery-item\"><figure><img loading=\"lazy\" decoding=\"async\" width=\"1024\" height=\"766\" src=\"http:\/\/www.sorein.cz\/cz\/wp-content\/uploads\/2012\/05\/DSCN5880-1024x766.jpg\" alt=\"\" data-id=\"754\" data-link=\"http:\/\/www.sorein.cz\/cz\/dscn5880\" class=\"wp-image-754\" srcset=\"https:\/\/www.sorein.cz\/cz\/wp-content\/uploads\/2012\/05\/DSCN5880-1024x766.jpg 1024w, https:\/\/www.sorein.cz\/cz\/wp-content\/uploads\/2012\/05\/DSCN5880-900x673.jpg 900w\" sizes=\"auto, (max-width: 1024px) 100vw, 1024px\" \/><\/figure><\/li><\/ul>\n","protected":false},"excerpt":{"rendered":"<p>Prodej rodinn\u00e9ho domu Nab\u00edz\u00edme k prodeji rodinn\u00fd d\u016fm se zahradou k rekonstrukci ve Star\u00fdch K\u0159e\u010danech, okres D\u011b\u010d\u00edn. Zastav\u011bn\u00e1 plocha 274 m\u00b2, Parcela 1686 m\u00b2. Prostorn\u00fd d\u016fm se nach\u00e1z\u00ed v centru velmi klidn\u00e9 obce. V dosahu je \u0161kola, \u0161kolka, po\u0161ta, zdravotnick\u00e9 za\u0159\u00edzen\u00ed, autobusov\u00e9 spojen\u00ed. V t\u011bsn\u00e9 bl\u00edzkosti se rozkl\u00e1d\u00e1 n\u00e1rodn\u00ed park \u010ceskosask\u00e9 \u0160v\u00fdcarsko, kter\u00fd sk\u00fdt\u00e1 mnoho [&hellip;]<\/p>\n","protected":false},"author":1,"featured_media":2565,"parent":0,"menu_order":0,"comment_status":"closed","ping_status":"closed","template":"","meta":{"footnotes":""},"class_list":["post-1508","page","type-page","status-publish","has-post-thumbnail","hentry"],"_links":{"self":[{"href":"https:\/\/www.sorein.cz\/cz\/wp-json\/wp\/v2\/pages\/1508","targetHints":{"allow":["GET"]}}],"collection":[{"href":"https:\/\/www.sorein.cz\/cz\/wp-json\/wp\/v2\/pages"}],"about":[{"href":"https:\/\/www.sorein.cz\/cz\/wp-json\/wp\/v2\/types\/page"}],"author":[{"embeddable":true,"href":"https:\/\/www.sorein.cz\/cz\/wp-json\/wp\/v2\/users\/1"}],"replies":[{"embeddable":true,"href":"https:\/\/www.sorein.cz\/cz\/wp-json\/wp\/v2\/comments?post=1508"}],"version-history":[{"count":5,"href":"https:\/\/www.sorein.cz\/cz\/wp-json\/wp\/v2\/pages\/1508\/revisions"}],"predecessor-version":[{"id":2665,"href":"https:\/\/www.sorein.cz\/cz\/wp-json\/wp\/v2\/pages\/1508\/revisions\/2665"}],"wp:featuredmedia":[{"embeddable":true,"href":"https:\/\/www.sorein.cz\/cz\/wp-json\/wp\/v2\/media\/2565"}],"wp:attachment":[{"href":"https:\/\/www.sorein.cz\/cz\/wp-json\/wp\/v2\/media?parent=1508"}],"curies":[{"name":"wp","href":"https:\/\/api.w.org\/{rel}","templated":true}]}}