{"id":1477,"date":"2016-05-20T08:02:37","date_gmt":"2016-05-20T08:02:37","guid":{"rendered":"http:\/\/www.sorein.cz\/cz\/?page_id=1477"},"modified":"2019-05-16T14:43:35","modified_gmt":"2019-05-16T14:43:35","slug":"hlavni-trida-46-marianske-lazne","status":"publish","type":"page","link":"https:\/\/www.sorein.cz\/cz\/hlavni-trida-46-marianske-lazne","title":{"rendered":"Hlavn\u00ed t\u0159\u00edda 46\/26, Mari\u00e1nsk\u00e9 l\u00e1zn\u011b"},"content":{"rendered":"<h2>Realizace Hotelu Atlantic Marienbad<\/h2>\n\n\n<ul class=\"wp-block-gallery columns-0 is-cropped wp-block-gallery-1 is-layout-flex wp-block-gallery-is-layout-flex\"><\/ul>\n\n\n\n<p><\/p>\n","protected":false},"excerpt":{"rendered":"<p>Realizace Hotelu Atlantic Marienbad<\/p>\n","protected":false},"author":1,"featured_media":1774,"parent":0,"menu_order":0,"comment_status":"closed","ping_status":"closed","template":"","meta":{"footnotes":""},"class_list":["post-1477","page","type-page","status-publish","has-post-thumbnail","hentry"],"_links":{"self":[{"href":"https:\/\/www.sorein.cz\/cz\/wp-json\/wp\/v2\/pages\/1477","targetHints":{"allow":["GET"]}}],"collection":[{"href":"https:\/\/www.sorein.cz\/cz\/wp-json\/wp\/v2\/pages"}],"about":[{"href":"https:\/\/www.sorein.cz\/cz\/wp-json\/wp\/v2\/types\/page"}],"author":[{"embeddable":true,"href":"https:\/\/www.sorein.cz\/cz\/wp-json\/wp\/v2\/users\/1"}],"replies":[{"embeddable":true,"href":"https:\/\/www.sorein.cz\/cz\/wp-json\/wp\/v2\/comments?post=1477"}],"version-history":[{"count":6,"href":"https:\/\/www.sorein.cz\/cz\/wp-json\/wp\/v2\/pages\/1477\/revisions"}],"predecessor-version":[{"id":2557,"href":"https:\/\/www.sorein.cz\/cz\/wp-json\/wp\/v2\/pages\/1477\/revisions\/2557"}],"wp:featuredmedia":[{"embeddable":true,"href":"https:\/\/www.sorein.cz\/cz\/wp-json\/wp\/v2\/media\/1774"}],"wp:attachment":[{"href":"https:\/\/www.sorein.cz\/cz\/wp-json\/wp\/v2\/media?parent=1477"}],"curies":[{"name":"wp","href":"https:\/\/api.w.org\/{rel}","templated":true}]}}