{"id":1473,"date":"2016-05-20T07:59:15","date_gmt":"2016-05-20T07:59:15","guid":{"rendered":"http:\/\/www.sorein.cz\/cz\/?page_id=1473"},"modified":"2019-05-24T08:10:11","modified_gmt":"2019-05-24T08:10:11","slug":"hlavni-trida-41-marianske-lazne","status":"publish","type":"page","link":"https:\/\/www.sorein.cz\/cz\/hlavni-trida-41-marianske-lazne","title":{"rendered":"Hlavn\u00ed t\u0159\u00edda 41\/16, Mari\u00e1nsk\u00e9 l\u00e1zn\u011b"},"content":{"rendered":"<h2>Realizace Hotelu Corso Marienbad<\/h2>\n<p style=\"font-size: 16px;\">Hotel Corso se nach\u00e1z\u00ed v t\u011bsn\u00e9m sousedstv\u00ed depandance Romantic Suite na Hlavn\u00ed t\u0159\u00edd\u011b proti kolon\u00e1d\u011b s v\u00fdhledem do n\u00e1dhern\u00e9ho l\u00e1ze\u0148sk\u00e9ho parku. Hotel pamatuje d\u00e1vn\u00e9 doby, kdy se zde sch\u00e1zeli l\u00e1ze\u0148\u0161t\u00ed host\u00e9 na odpoledn\u00edch \u010daj\u00edch a ve\u010dern\u00edch hudebn\u00edch repordukc\u00edch a diskot\u00e9k\u00e1ch, pat\u0159\u00edval k nejobl\u00edben\u011bj\u0161\u00edm m\u00edst\u016fm z\u00e1bavy.<\/p>\n<p style=\"text-align: justify;\">V sou\u010dasn\u00e9 dob\u011b je schv\u00e1len\u00e1 stavebn\u00ed dokumentace a vydan\u00e9 platn\u00e9 stavebn\u00ed povolen\u00ed. Celkov\u00e1 plocha pozemku je 1667 m2. Projekt rekonstrukce po\u0159\u00edt\u00e1 se \u010dty\u0159hv\u011bzdi\u010dkov\u00fdm hotel s 8 nadzemn\u00edmi, 1 podzemn\u00edm podla\u017e\u00edm, s celkovou u\u017eitnou plochou 8827 m2. Projekt zahrnuje 110 pokoj\u016f (z nich\u017e je 13 apartm\u00e1n\u016f), restauraci (124 m\u00edst), lobby bar, kongresov\u00fd s\u00e1l, baz\u00e9n, wellness, balneo, kancel\u00e1\u0159e a gar\u00e1\u017ee.<\/p>\n\n\n<ul class=\"wp-block-gallery columns-3 is-cropped wp-block-gallery-1 is-layout-flex wp-block-gallery-is-layout-flex\"><li class=\"blocks-gallery-item\"><figure><a href=\"http:\/\/www.sorein.cz\/cz\/wp-content\/uploads\/2016\/05\/fas\u00e1da.jpg\"><img loading=\"lazy\" decoding=\"async\" width=\"640\" height=\"442\" src=\"http:\/\/www.sorein.cz\/cz\/wp-content\/uploads\/2016\/05\/fas\u00e1da.jpg\" alt=\"\" data-id=\"1597\" data-link=\"http:\/\/www.sorein.cz\/cz\/hlavni-trida-41-marianske-lazne\/fasada\" class=\"wp-image-1597\"\/><\/a><\/figure><\/li><li class=\"blocks-gallery-item\"><figure><a href=\"http:\/\/www.sorein.cz\/cz\/wp-content\/uploads\/2016\/05\/1np.jpg\"><img loading=\"lazy\" decoding=\"async\" width=\"640\" height=\"399\" src=\"http:\/\/www.sorein.cz\/cz\/wp-content\/uploads\/2016\/05\/1np.jpg\" alt=\"\" data-id=\"1589\" data-link=\"http:\/\/www.sorein.cz\/cz\/hlavni-trida-41-marianske-lazne\/1np\" class=\"wp-image-1589\"\/><\/a><\/figure><\/li><li class=\"blocks-gallery-item\"><figure><a href=\"http:\/\/www.sorein.cz\/cz\/wp-content\/uploads\/2016\/05\/2np.jpg\"><img loading=\"lazy\" decoding=\"async\" width=\"640\" height=\"399\" src=\"http:\/\/www.sorein.cz\/cz\/wp-content\/uploads\/2016\/05\/2np.jpg\" alt=\"\" data-id=\"1590\" data-link=\"http:\/\/www.sorein.cz\/cz\/hlavni-trida-41-marianske-lazne\/2np\" class=\"wp-image-1590\"\/><\/a><\/figure><\/li><li class=\"blocks-gallery-item\"><figure><a href=\"http:\/\/www.sorein.cz\/cz\/wp-content\/uploads\/2016\/05\/3np.jpg\"><img loading=\"lazy\" decoding=\"async\" width=\"640\" height=\"399\" src=\"http:\/\/www.sorein.cz\/cz\/wp-content\/uploads\/2016\/05\/3np.jpg\" alt=\"\" data-id=\"1591\" data-link=\"http:\/\/www.sorein.cz\/cz\/hlavni-trida-41-marianske-lazne\/3np\" class=\"wp-image-1591\"\/><\/a><\/figure><\/li><li class=\"blocks-gallery-item\"><figure><a href=\"http:\/\/www.sorein.cz\/cz\/wp-content\/uploads\/2016\/05\/4np.jpg\"><img loading=\"lazy\" decoding=\"async\" width=\"640\" height=\"399\" src=\"http:\/\/www.sorein.cz\/cz\/wp-content\/uploads\/2016\/05\/4np.jpg\" alt=\"\" data-id=\"1592\" data-link=\"http:\/\/www.sorein.cz\/cz\/hlavni-trida-41-marianske-lazne\/4np\" class=\"wp-image-1592\"\/><\/a><\/figure><\/li><li class=\"blocks-gallery-item\"><figure><a href=\"http:\/\/www.sorein.cz\/cz\/wp-content\/uploads\/2016\/05\/5np.jpg\"><img loading=\"lazy\" decoding=\"async\" width=\"640\" height=\"399\" src=\"http:\/\/www.sorein.cz\/cz\/wp-content\/uploads\/2016\/05\/5np.jpg\" alt=\"\" data-id=\"1593\" data-link=\"http:\/\/www.sorein.cz\/cz\/hlavni-trida-41-marianske-lazne\/5np\" class=\"wp-image-1593\"\/><\/a><\/figure><\/li><li class=\"blocks-gallery-item\"><figure><a href=\"http:\/\/www.sorein.cz\/cz\/wp-content\/uploads\/2016\/05\/6np.jpg\"><img loading=\"lazy\" decoding=\"async\" width=\"640\" height=\"399\" src=\"http:\/\/www.sorein.cz\/cz\/wp-content\/uploads\/2016\/05\/6np.jpg\" alt=\"\" data-id=\"1594\" data-link=\"http:\/\/www.sorein.cz\/cz\/hlavni-trida-41-marianske-lazne\/6np\" class=\"wp-image-1594\"\/><\/a><\/figure><\/li><li class=\"blocks-gallery-item\"><figure><a href=\"http:\/\/www.sorein.cz\/cz\/wp-content\/uploads\/2016\/05\/7np.jpg\"><img loading=\"lazy\" decoding=\"async\" width=\"640\" height=\"399\" src=\"http:\/\/www.sorein.cz\/cz\/wp-content\/uploads\/2016\/05\/7np.jpg\" alt=\"\" data-id=\"1595\" data-link=\"http:\/\/www.sorein.cz\/cz\/hlavni-trida-41-marianske-lazne\/7np\" class=\"wp-image-1595\"\/><\/a><\/figure><\/li><li class=\"blocks-gallery-item\"><figure><a href=\"http:\/\/www.sorein.cz\/cz\/wp-content\/uploads\/2016\/05\/8np.jpg\"><img loading=\"lazy\" decoding=\"async\" width=\"640\" height=\"399\" src=\"http:\/\/www.sorein.cz\/cz\/wp-content\/uploads\/2016\/05\/8np.jpg\" alt=\"\" data-id=\"1596\" data-link=\"http:\/\/www.sorein.cz\/cz\/hlavni-trida-41-marianske-lazne\/8np\" class=\"wp-image-1596\"\/><\/a><\/figure><\/li><\/ul>\n","protected":false},"excerpt":{"rendered":"<p>Realizace Hotelu Corso Marienbad Hotel Corso se nach\u00e1z\u00ed v t\u011bsn\u00e9m sousedstv\u00ed depandance Romantic Suite na Hlavn\u00ed t\u0159\u00edd\u011b proti kolon\u00e1d\u011b s v\u00fdhledem do n\u00e1dhern\u00e9ho l\u00e1ze\u0148sk\u00e9ho parku. Hotel pamatuje d\u00e1vn\u00e9 doby, kdy se zde sch\u00e1zeli l\u00e1ze\u0148\u0161t\u00ed host\u00e9 na odpoledn\u00edch \u010daj\u00edch a ve\u010dern\u00edch hudebn\u00edch repordukc\u00edch a diskot\u00e9k\u00e1ch, pat\u0159\u00edval k nejobl\u00edben\u011bj\u0161\u00edm m\u00edst\u016fm z\u00e1bavy. V sou\u010dasn\u00e9 dob\u011b je schv\u00e1len\u00e1 stavebn\u00ed [&hellip;]<\/p>\n","protected":false},"author":1,"featured_media":372,"parent":0,"menu_order":0,"comment_status":"closed","ping_status":"closed","template":"","meta":{"footnotes":""},"class_list":["post-1473","page","type-page","status-publish","has-post-thumbnail","hentry"],"_links":{"self":[{"href":"https:\/\/www.sorein.cz\/cz\/wp-json\/wp\/v2\/pages\/1473","targetHints":{"allow":["GET"]}}],"collection":[{"href":"https:\/\/www.sorein.cz\/cz\/wp-json\/wp\/v2\/pages"}],"about":[{"href":"https:\/\/www.sorein.cz\/cz\/wp-json\/wp\/v2\/types\/page"}],"author":[{"embeddable":true,"href":"https:\/\/www.sorein.cz\/cz\/wp-json\/wp\/v2\/users\/1"}],"replies":[{"embeddable":true,"href":"https:\/\/www.sorein.cz\/cz\/wp-json\/wp\/v2\/comments?post=1473"}],"version-history":[{"count":12,"href":"https:\/\/www.sorein.cz\/cz\/wp-json\/wp\/v2\/pages\/1473\/revisions"}],"predecessor-version":[{"id":2605,"href":"https:\/\/www.sorein.cz\/cz\/wp-json\/wp\/v2\/pages\/1473\/revisions\/2605"}],"wp:featuredmedia":[{"embeddable":true,"href":"https:\/\/www.sorein.cz\/cz\/wp-json\/wp\/v2\/media\/372"}],"wp:attachment":[{"href":"https:\/\/www.sorein.cz\/cz\/wp-json\/wp\/v2\/media?parent=1473"}],"curies":[{"name":"wp","href":"https:\/\/api.w.org\/{rel}","templated":true}]}}