{"id":1468,"date":"2016-05-20T07:56:38","date_gmt":"2016-05-20T07:56:38","guid":{"rendered":"http:\/\/www.sorein.cz\/cz\/?page_id=1468"},"modified":"2019-05-23T14:19:31","modified_gmt":"2019-05-23T14:19:31","slug":"trebizskeho-10-marianske-lazne","status":"publish","type":"page","link":"https:\/\/www.sorein.cz\/cz\/trebizskeho-10-marianske-lazne","title":{"rendered":"T\u0159eb\u00edzsk\u00e9ho 118\/9, Mari\u00e1nsk\u00e9 l\u00e1zn\u011b"},"content":{"rendered":"<h2>Bytov\u00fd d\u016fm Residence Elegance<\/h2>\n<p style=\"font-size: 16px;\">T\u0159eb\u00edzsk\u00e9ho ulice je jedna z velmi obl\u00edben\u00fdch ulic l\u00e1ze\u0148sk\u00e9ho m\u011bsta. Je centr\u00e1ln\u00ed, p\u0159itom klidn\u00e1, tich\u00e1 pln\u00e1 zelen\u011b, bl\u00edzko Lesn\u00edho pramene a dovede v\u00e1s p\u0159\u00edmo p\u0159ed mari\u00e1nskol\u00e1ze\u0148skou kolon\u00e1du. D\u016fm s dne\u0161n\u00edm n\u00e1zvem T\u0159eb\u00edzsk\u00fd byl postaven v r. 1873 Wilhelmem Windirschem a dostal jm\u00e9no Stadt Moskau, pozd\u011bji byl p\u0159ejmenov\u00e1n na Villa Windirsch a od roku 1945 nese jm\u00e9no V\u00e1clava Bene\u0161e T\u0159eb\u00edzsk\u00e9ho, zn\u00e1m\u00e9ho a obl\u00edben\u00e9ho romanopisce \u010desk\u00e9ho n\u00e1roda, kter\u00fd trp\u011bl tuberkulozou a zem\u0159el zde p\u0159i sv\u00e9m l\u00e9\u010debn\u00e9m pobytu v r. 1884. Dnes je na dom\u011b um\u00edst\u011bna pam\u011btn\u00ed bronzov\u00e1 deska a d\u016fm je zaps\u00e1n na seznamu pam\u00e1tek m\u011bsta. V objektu T\u0159eb\u00edzsk\u00fd, kter\u00fd m\u00e1 4 nadzemn\u00ed a 1 podzemn\u00ed podla\u017e\u00ed se nab\u00edz\u00ed k prodeji 14 byt\u016f r\u016fzn\u00e9 metr\u00e1\u017ee (od 50 do 150 m2) a dispozice. N\u011bkter\u00e9 byty jsou situov\u00e1ny do klidn\u00e9 ulice, n\u011bkter\u00e9 do dvorn\u00edho traktu. Parkov\u00e1n\u00ed je uvnit\u0159 na pozemku. V cel\u00e9 budov\u011b budou zachov\u00e1ny parkety dub a p\u016fvodn\u00ed dochovan\u00e9 iluzivn\u00ed v\u00fdmalby strop\u016f.<\/p>\n<p><a href=\"http:\/\/www.residence-elegance.cz\">www.residence-elegance.cz<\/a><\/p>\n\n\n<ul class=\"wp-block-gallery columns-4 is-cropped\"><li class=\"blocks-gallery-item\"><figure><a href=\"http:\/\/www.sorein.cz\/cz\/trebizskeho-10-marianske-lazne\/facciata\"><img loading=\"lazy\" decoding=\"async\" width=\"908\" height=\"923\" src=\"http:\/\/www.sorein.cz\/cz\/wp-content\/uploads\/2019\/03\/facciata-.png\" alt=\"\" data-id=\"2026\" data-link=\"http:\/\/www.sorein.cz\/cz\/trebizskeho-10-marianske-lazne\/facciata\" class=\"wp-image-2026\" srcset=\"https:\/\/www.sorein.cz\/cz\/wp-content\/uploads\/2019\/03\/facciata-.png 908w, https:\/\/www.sorein.cz\/cz\/wp-content\/uploads\/2019\/03\/facciata--689x700.png 689w, https:\/\/www.sorein.cz\/cz\/wp-content\/uploads\/2019\/03\/facciata--768x781.png 768w\" sizes=\"auto, (max-width: 908px) 100vw, 908px\" \/><\/a><\/figure><\/li><li class=\"blocks-gallery-item\"><figure><a href=\"http:\/\/www.sorein.cz\/cz\/trebizskeho-10-marianske-lazne\/_1ap0374\"><img loading=\"lazy\" decoding=\"async\" width=\"774\" height=\"1024\" src=\"http:\/\/www.sorein.cz\/cz\/wp-content\/uploads\/2019\/03\/1AP0374-774x1024.jpg\" alt=\"\" data-id=\"2036\" data-link=\"http:\/\/www.sorein.cz\/cz\/trebizskeho-10-marianske-lazne\/_1ap0374\" class=\"wp-image-2036\" srcset=\"https:\/\/www.sorein.cz\/cz\/wp-content\/uploads\/2019\/03\/1AP0374-774x1024.jpg 774w, https:\/\/www.sorein.cz\/cz\/wp-content\/uploads\/2019\/03\/1AP0374-529x700.jpg 529w, https:\/\/www.sorein.cz\/cz\/wp-content\/uploads\/2019\/03\/1AP0374-768x1016.jpg 768w, https:\/\/www.sorein.cz\/cz\/wp-content\/uploads\/2019\/03\/1AP0374.jpg 816w\" sizes=\"auto, (max-width: 774px) 100vw, 774px\" \/><\/a><\/figure><\/li><li class=\"blocks-gallery-item\"><figure><a href=\"http:\/\/www.sorein.cz\/cz\/trebizskeho-10-marianske-lazne\/_1ap0144-2\"><img loading=\"lazy\" decoding=\"async\" width=\"1024\" height=\"684\" src=\"http:\/\/www.sorein.cz\/cz\/wp-content\/uploads\/2019\/03\/1AP0144-1-1024x684.jpg\" alt=\"\" data-id=\"2047\" data-link=\"http:\/\/www.sorein.cz\/cz\/trebizskeho-10-marianske-lazne\/_1ap0144-2\" class=\"wp-image-2047\" srcset=\"https:\/\/www.sorein.cz\/cz\/wp-content\/uploads\/2019\/03\/1AP0144-1-1024x684.jpg 1024w, https:\/\/www.sorein.cz\/cz\/wp-content\/uploads\/2019\/03\/1AP0144-1-900x601.jpg 900w, https:\/\/www.sorein.cz\/cz\/wp-content\/uploads\/2019\/03\/1AP0144-1-768x513.jpg 768w, https:\/\/www.sorein.cz\/cz\/wp-content\/uploads\/2019\/03\/1AP0144-1.jpg 1600w\" sizes=\"auto, (max-width: 1024px) 100vw, 1024px\" \/><\/a><\/figure><\/li><li class=\"blocks-gallery-item\"><figure><a href=\"http:\/\/www.sorein.cz\/cz\/trebizskeho-10-marianske-lazne\/map-2\"><img loading=\"lazy\" decoding=\"async\" width=\"1024\" height=\"540\" src=\"http:\/\/www.sorein.cz\/cz\/wp-content\/uploads\/2019\/03\/map-1-1-1024x540.png\" alt=\"\" data-id=\"2040\" data-link=\"http:\/\/www.sorein.cz\/cz\/trebizskeho-10-marianske-lazne\/map-2\" class=\"wp-image-2040\" srcset=\"https:\/\/www.sorein.cz\/cz\/wp-content\/uploads\/2019\/03\/map-1-1-1024x540.png 1024w, https:\/\/www.sorein.cz\/cz\/wp-content\/uploads\/2019\/03\/map-1-1-900x474.png 900w, https:\/\/www.sorein.cz\/cz\/wp-content\/uploads\/2019\/03\/map-1-1-768x405.png 768w, https:\/\/www.sorein.cz\/cz\/wp-content\/uploads\/2019\/03\/map-1-1.png 1491w\" sizes=\"auto, (max-width: 1024px) 100vw, 1024px\" \/><\/a><\/figure><\/li><\/ul>\n\n\n\n<ul class=\"wp-block-gallery columns-3 is-cropped wp-block-gallery-1 is-layout-flex wp-block-gallery-is-layout-flex\"><li class=\"blocks-gallery-item\"><figure><img loading=\"lazy\" decoding=\"async\" width=\"1024\" height=\"684\" src=\"http:\/\/www.sorein.cz\/cz\/wp-content\/uploads\/2019\/03\/1AP0228-1024x684.jpg\" alt=\"\" data-id=\"2051\" data-link=\"http:\/\/www.sorein.cz\/cz\/trebizskeho-10-marianske-lazne\/_1ap0228\" class=\"wp-image-2051\" srcset=\"https:\/\/www.sorein.cz\/cz\/wp-content\/uploads\/2019\/03\/1AP0228-1024x684.jpg 1024w, https:\/\/www.sorein.cz\/cz\/wp-content\/uploads\/2019\/03\/1AP0228-900x601.jpg 900w, https:\/\/www.sorein.cz\/cz\/wp-content\/uploads\/2019\/03\/1AP0228-768x513.jpg 768w, https:\/\/www.sorein.cz\/cz\/wp-content\/uploads\/2019\/03\/1AP0228.jpg 1600w\" sizes=\"auto, (max-width: 1024px) 100vw, 1024px\" \/><\/figure><\/li><li class=\"blocks-gallery-item\"><figure><img loading=\"lazy\" decoding=\"async\" width=\"1024\" height=\"724\" src=\"http:\/\/www.sorein.cz\/cz\/wp-content\/uploads\/2019\/03\/1AP0224-1024x724.jpg\" alt=\"\" data-id=\"2053\" data-link=\"http:\/\/www.sorein.cz\/cz\/trebizskeho-10-marianske-lazne\/_1ap0224\" class=\"wp-image-2053\" srcset=\"https:\/\/www.sorein.cz\/cz\/wp-content\/uploads\/2019\/03\/1AP0224-1024x724.jpg 1024w, https:\/\/www.sorein.cz\/cz\/wp-content\/uploads\/2019\/03\/1AP0224-900x636.jpg 900w, https:\/\/www.sorein.cz\/cz\/wp-content\/uploads\/2019\/03\/1AP0224-768x543.jpg 768w, https:\/\/www.sorein.cz\/cz\/wp-content\/uploads\/2019\/03\/1AP0224.jpg 1528w\" sizes=\"auto, (max-width: 1024px) 100vw, 1024px\" \/><\/figure><\/li><li class=\"blocks-gallery-item\"><figure><img loading=\"lazy\" decoding=\"async\" width=\"1024\" height=\"684\" src=\"http:\/\/www.sorein.cz\/cz\/wp-content\/uploads\/2019\/03\/1AP0205-1024x684.jpg\" alt=\"\" data-id=\"2056\" data-link=\"http:\/\/www.sorein.cz\/cz\/trebizskeho-10-marianske-lazne\/_1ap0205\" class=\"wp-image-2056\" srcset=\"https:\/\/www.sorein.cz\/cz\/wp-content\/uploads\/2019\/03\/1AP0205-1024x684.jpg 1024w, https:\/\/www.sorein.cz\/cz\/wp-content\/uploads\/2019\/03\/1AP0205-900x601.jpg 900w, https:\/\/www.sorein.cz\/cz\/wp-content\/uploads\/2019\/03\/1AP0205-768x513.jpg 768w, https:\/\/www.sorein.cz\/cz\/wp-content\/uploads\/2019\/03\/1AP0205.jpg 1600w\" sizes=\"auto, (max-width: 1024px) 100vw, 1024px\" \/><\/figure><\/li><\/ul>\n\n\n\n<ul class=\"wp-block-gallery columns-3 is-cropped wp-block-gallery-2 is-layout-flex wp-block-gallery-is-layout-flex\"><li class=\"blocks-gallery-item\"><figure><img loading=\"lazy\" decoding=\"async\" width=\"1024\" height=\"666\" src=\"http:\/\/www.sorein.cz\/cz\/wp-content\/uploads\/2019\/03\/1AP0156-1024x666.jpg\" alt=\"\" data-id=\"2071\" data-link=\"http:\/\/www.sorein.cz\/cz\/trebizskeho-10-marianske-lazne\/_1ap0156\" class=\"wp-image-2071\" srcset=\"https:\/\/www.sorein.cz\/cz\/wp-content\/uploads\/2019\/03\/1AP0156-1024x666.jpg 1024w, https:\/\/www.sorein.cz\/cz\/wp-content\/uploads\/2019\/03\/1AP0156-900x586.jpg 900w, https:\/\/www.sorein.cz\/cz\/wp-content\/uploads\/2019\/03\/1AP0156-768x500.jpg 768w, https:\/\/www.sorein.cz\/cz\/wp-content\/uploads\/2019\/03\/1AP0156.jpg 1600w\" sizes=\"auto, (max-width: 1024px) 100vw, 1024px\" \/><\/figure><\/li><li class=\"blocks-gallery-item\"><figure><img loading=\"lazy\" decoding=\"async\" width=\"1024\" height=\"684\" src=\"http:\/\/www.sorein.cz\/cz\/wp-content\/uploads\/2019\/03\/1AP0226-1024x684.jpg\" alt=\"\" data-id=\"2063\" data-link=\"http:\/\/www.sorein.cz\/cz\/trebizskeho-10-marianske-lazne\/_1ap0226\" class=\"wp-image-2063\" srcset=\"https:\/\/www.sorein.cz\/cz\/wp-content\/uploads\/2019\/03\/1AP0226-1024x684.jpg 1024w, https:\/\/www.sorein.cz\/cz\/wp-content\/uploads\/2019\/03\/1AP0226-900x601.jpg 900w, https:\/\/www.sorein.cz\/cz\/wp-content\/uploads\/2019\/03\/1AP0226-768x513.jpg 768w, https:\/\/www.sorein.cz\/cz\/wp-content\/uploads\/2019\/03\/1AP0226.jpg 1600w\" sizes=\"auto, (max-width: 1024px) 100vw, 1024px\" \/><\/figure><\/li><li class=\"blocks-gallery-item\"><figure><img loading=\"lazy\" decoding=\"async\" width=\"1024\" height=\"754\" src=\"http:\/\/www.sorein.cz\/cz\/wp-content\/uploads\/2019\/03\/1AP0264-1024x754.jpg\" alt=\"\" data-id=\"2065\" data-link=\"http:\/\/www.sorein.cz\/cz\/trebizskeho-10-marianske-lazne\/_1ap0264\" class=\"wp-image-2065\" srcset=\"https:\/\/www.sorein.cz\/cz\/wp-content\/uploads\/2019\/03\/1AP0264-1024x754.jpg 1024w, https:\/\/www.sorein.cz\/cz\/wp-content\/uploads\/2019\/03\/1AP0264-900x663.jpg 900w, https:\/\/www.sorein.cz\/cz\/wp-content\/uploads\/2019\/03\/1AP0264-768x565.jpg 768w, https:\/\/www.sorein.cz\/cz\/wp-content\/uploads\/2019\/03\/1AP0264.jpg 1467w\" sizes=\"auto, (max-width: 1024px) 100vw, 1024px\" \/><\/figure><\/li><\/ul>\n\n\n\n<ul class=\"wp-block-gallery columns-3 is-cropped wp-block-gallery-3 is-layout-flex wp-block-gallery-is-layout-flex\"><li class=\"blocks-gallery-item\"><figure><img loading=\"lazy\" decoding=\"async\" width=\"1024\" height=\"684\" src=\"http:\/\/www.sorein.cz\/cz\/wp-content\/uploads\/2019\/03\/1AP0082-1024x684.jpg\" alt=\"\" data-id=\"2075\" data-link=\"http:\/\/www.sorein.cz\/cz\/trebizskeho-10-marianske-lazne\/_1ap0082\" class=\"wp-image-2075\" srcset=\"https:\/\/www.sorein.cz\/cz\/wp-content\/uploads\/2019\/03\/1AP0082-1024x684.jpg 1024w, https:\/\/www.sorein.cz\/cz\/wp-content\/uploads\/2019\/03\/1AP0082-900x601.jpg 900w, https:\/\/www.sorein.cz\/cz\/wp-content\/uploads\/2019\/03\/1AP0082-768x513.jpg 768w, https:\/\/www.sorein.cz\/cz\/wp-content\/uploads\/2019\/03\/1AP0082.jpg 1600w\" sizes=\"auto, (max-width: 1024px) 100vw, 1024px\" \/><\/figure><\/li><li class=\"blocks-gallery-item\"><figure><img loading=\"lazy\" decoding=\"async\" width=\"1024\" height=\"759\" src=\"http:\/\/www.sorein.cz\/cz\/wp-content\/uploads\/2019\/03\/1AP0124-1024x759.jpg\" alt=\"\" data-id=\"2067\" data-link=\"http:\/\/www.sorein.cz\/cz\/trebizskeho-10-marianske-lazne\/_1ap0124\" class=\"wp-image-2067\" srcset=\"https:\/\/www.sorein.cz\/cz\/wp-content\/uploads\/2019\/03\/1AP0124-1024x759.jpg 1024w, https:\/\/www.sorein.cz\/cz\/wp-content\/uploads\/2019\/03\/1AP0124-900x667.jpg 900w, https:\/\/www.sorein.cz\/cz\/wp-content\/uploads\/2019\/03\/1AP0124-768x569.jpg 768w, https:\/\/www.sorein.cz\/cz\/wp-content\/uploads\/2019\/03\/1AP0124.jpg 1458w\" sizes=\"auto, (max-width: 1024px) 100vw, 1024px\" \/><\/figure><\/li><li class=\"blocks-gallery-item\"><figure><img loading=\"lazy\" decoding=\"async\" width=\"1024\" height=\"648\" src=\"http:\/\/www.sorein.cz\/cz\/wp-content\/uploads\/2019\/03\/1AP0127-1024x648.jpg\" alt=\"\" data-id=\"2069\" data-link=\"http:\/\/www.sorein.cz\/cz\/trebizskeho-10-marianske-lazne\/_1ap0127\" class=\"wp-image-2069\" srcset=\"https:\/\/www.sorein.cz\/cz\/wp-content\/uploads\/2019\/03\/1AP0127-1024x648.jpg 1024w, https:\/\/www.sorein.cz\/cz\/wp-content\/uploads\/2019\/03\/1AP0127-900x570.jpg 900w, https:\/\/www.sorein.cz\/cz\/wp-content\/uploads\/2019\/03\/1AP0127-768x486.jpg 768w, https:\/\/www.sorein.cz\/cz\/wp-content\/uploads\/2019\/03\/1AP0127.jpg 1600w\" sizes=\"auto, (max-width: 1024px) 100vw, 1024px\" \/><\/figure><\/li><\/ul>\n","protected":false},"excerpt":{"rendered":"<p>Bytov\u00fd d\u016fm Residence Elegance T\u0159eb\u00edzsk\u00e9ho ulice je jedna z velmi obl\u00edben\u00fdch ulic l\u00e1ze\u0148sk\u00e9ho m\u011bsta. Je centr\u00e1ln\u00ed, p\u0159itom klidn\u00e1, tich\u00e1 pln\u00e1 zelen\u011b, bl\u00edzko Lesn\u00edho pramene a dovede v\u00e1s p\u0159\u00edmo p\u0159ed mari\u00e1nskol\u00e1ze\u0148skou kolon\u00e1du. D\u016fm s dne\u0161n\u00edm n\u00e1zvem T\u0159eb\u00edzsk\u00fd byl postaven v r. 1873 Wilhelmem Windirschem a dostal jm\u00e9no Stadt Moskau, pozd\u011bji byl p\u0159ejmenov\u00e1n na Villa Windirsch a [&hellip;]<\/p>\n","protected":false},"author":1,"featured_media":1897,"parent":0,"menu_order":0,"comment_status":"closed","ping_status":"closed","template":"","meta":{"footnotes":""},"class_list":["post-1468","page","type-page","status-publish","has-post-thumbnail","hentry"],"_links":{"self":[{"href":"https:\/\/www.sorein.cz\/cz\/wp-json\/wp\/v2\/pages\/1468","targetHints":{"allow":["GET"]}}],"collection":[{"href":"https:\/\/www.sorein.cz\/cz\/wp-json\/wp\/v2\/pages"}],"about":[{"href":"https:\/\/www.sorein.cz\/cz\/wp-json\/wp\/v2\/types\/page"}],"author":[{"embeddable":true,"href":"https:\/\/www.sorein.cz\/cz\/wp-json\/wp\/v2\/users\/1"}],"replies":[{"embeddable":true,"href":"https:\/\/www.sorein.cz\/cz\/wp-json\/wp\/v2\/comments?post=1468"}],"version-history":[{"count":34,"href":"https:\/\/www.sorein.cz\/cz\/wp-json\/wp\/v2\/pages\/1468\/revisions"}],"predecessor-version":[{"id":2591,"href":"https:\/\/www.sorein.cz\/cz\/wp-json\/wp\/v2\/pages\/1468\/revisions\/2591"}],"wp:featuredmedia":[{"embeddable":true,"href":"https:\/\/www.sorein.cz\/cz\/wp-json\/wp\/v2\/media\/1897"}],"wp:attachment":[{"href":"https:\/\/www.sorein.cz\/cz\/wp-json\/wp\/v2\/media?parent=1468"}],"curies":[{"name":"wp","href":"https:\/\/api.w.org\/{rel}","templated":true}]}}