{"id":1460,"date":"2016-05-20T07:21:26","date_gmt":"2016-05-20T07:21:26","guid":{"rendered":"http:\/\/www.sorein.cz\/cz\/?page_id=1460"},"modified":"2019-05-24T09:23:23","modified_gmt":"2019-05-24T09:23:23","slug":"spalena-17-praha-1","status":"publish","type":"page","link":"https:\/\/www.sorein.cz\/cz\/spalena-17-praha-1","title":{"rendered":"Sp\u00e1len\u00e1 90\/17, Praha 1"},"content":{"rendered":"<h2>Hotel Garden Court<\/h2>\n<p style=\"font-size: 16px;\">Na ja\u0159e 2017 byl zah\u00e1jen nov\u00fd provoz \u010dty\u0159hv\u011bzdi\u010dkov\u00e9ho hotelu ve Sp\u00e1len\u00e9 ulici na Praze 1, v t\u011bsn\u00e9 bl\u00edzkosti N\u00e1rodn\u00ed t\u0159\u00eddy a doch\u00e1zkov\u00e9 vzd\u00e1lenosti Starom\u011bstsk\u00e9ho i V\u00e1clavsk\u00e9ho n\u00e1m\u011bst\u00ed. Jeden z mnoha pal\u00e1c\u016f historicky pat\u0159\u00edc\u00edch rodu Swarzenberg\u016f. Budova proch\u00e1z\u00edla \u0161etrnou rekonstrukc\u00ed, d\u00edky kter\u00e9 se dochovali p\u016fvodn\u00ed dobov\u00e9 prvky a z\u00e1rove\u0148 dostala modern\u00ed n\u00e1dech dne\u0161n\u00ed doby. Hotel je provozov\u00e1n spole\u010dnost\u00ed GARZOTTO HOTELS &amp; RESORTS s.r.o. a disponuje 1 \u010dty\u0159l\u016f\u017ekov\u00fdmi, 44 dvoul\u016f\u017ekov\u00fdmi, 3 t\u0159\u00edl\u016f\u017ekov\u00fdmi pokoji, rozd\u011blen\u00fdmi do kategori\u00ed standard a deluxe. Vstupn\u00ed hala se skl\u00e1da z recepce a vr\u00e1tnice, kde je pohodln\u00e9 za\u0159\u00edzen\u00ed umo\u017e\u0148uj\u00edc\u00ed spole\u010densk\u00fd styk, proto\u017ee Sorein s.r.o. se dr\u017e\u00ed dne\u0161n\u00edch trend\u016f, kter\u00e9 kladou d\u016fraz na vyu\u017eit\u00ed \u0161etrn\u00fdch materi\u00e1l\u016f a technologick\u00fdch postup\u016f, kter\u00e9 nezat\u011b\u017euj\u00ed \u017eivotn\u00ed prost\u0159ed\u00ed. Vybaven\u00ed hotelu vych\u00e1z\u00ed z jednoduchosti a efektivnosti. Venkovn\u00ed prostory jsou os\u00e1zeny zelen\u00ed, kter\u00e1 d\u00e1va klientovi mo\u017enost zapomenout, \u017ee se nach\u00e1z\u00ed v centru m\u011bsta. Vzhledem ke sv\u00e9 centr\u00e1ln\u00ed poloze, cca 50m od stanice metra N\u00e1rodn\u00ed t\u0159\u00edda, je hotel vhodn\u00fd pro n\u00e1v\u0161t\u011bvu m\u011bsta a jeho kulturn\u00edch pam\u00e1tek, je take ide\u00e1ln\u00ed volbou pro obchodn\u00ed cesty, na z\u00e1klad\u011b \u010deho\u017e je pokoj vybaven pracovn\u00edm stolem, \u017eidl\u00ed a vhodn\u00fdm osv\u011btlen\u00edm. Hotel je situov\u00e1n do klidn\u00e9ho vnitrobloku a d\u00edky mo\u017enosti ubytov\u00e1n\u00ed v prostorn\u00fdch apartm\u00e1nech, nab\u00edz\u00ed z\u00e1rove\u0148 i vhodnou volbu pro rodinnou dovolenou. Rodinn\u00e9 pokoje se nach\u00e1zej\u00ed v odd\u011blen\u00e9 \u010d\u00e1sti hotelu, \u010d\u00edm\u017e je zaru\u010den komfort a ni\u010d\u00edm neru\u0161en\u00fd pobyt jak pro rodiny s d\u011btmi, tak pro korpor\u00e1tn\u00ed klientelu.<\/p>\n\n\n<ul class=\"wp-block-gallery columns-3 is-cropped wp-block-gallery-1 is-layout-flex wp-block-gallery-is-layout-flex\"><li class=\"blocks-gallery-item\"><figure><img loading=\"lazy\" decoding=\"async\" width=\"1024\" height=\"651\" src=\"http:\/\/www.sorein.cz\/cz\/wp-content\/uploads\/2019\/05\/195085665-1024x651.jpg\" alt=\"\" data-id=\"2576\" data-link=\"http:\/\/www.sorein.cz\/cz\/spalena-17-praha-1\/attachment\/195085665\" class=\"wp-image-2576\" srcset=\"https:\/\/www.sorein.cz\/cz\/wp-content\/uploads\/2019\/05\/195085665.jpg 1024w, https:\/\/www.sorein.cz\/cz\/wp-content\/uploads\/2019\/05\/195085665-900x572.jpg 900w, https:\/\/www.sorein.cz\/cz\/wp-content\/uploads\/2019\/05\/195085665-768x488.jpg 768w\" sizes=\"auto, (max-width: 1024px) 100vw, 1024px\" \/><\/figure><\/li><li class=\"blocks-gallery-item\"><figure><img loading=\"lazy\" decoding=\"async\" width=\"1024\" height=\"683\" src=\"http:\/\/www.sorein.cz\/cz\/wp-content\/uploads\/2019\/05\/195085435-1024x683.jpg\" alt=\"\" data-id=\"2572\" data-link=\"http:\/\/www.sorein.cz\/cz\/spalena-17-praha-1\/attachment\/195085435\" class=\"wp-image-2572\" srcset=\"https:\/\/www.sorein.cz\/cz\/wp-content\/uploads\/2019\/05\/195085435.jpg 1024w, https:\/\/www.sorein.cz\/cz\/wp-content\/uploads\/2019\/05\/195085435-900x600.jpg 900w, https:\/\/www.sorein.cz\/cz\/wp-content\/uploads\/2019\/05\/195085435-768x512.jpg 768w\" sizes=\"auto, (max-width: 1024px) 100vw, 1024px\" \/><\/figure><\/li><li class=\"blocks-gallery-item\"><figure><img loading=\"lazy\" decoding=\"async\" width=\"1024\" height=\"653\" src=\"http:\/\/www.sorein.cz\/cz\/wp-content\/uploads\/2019\/05\/85904032-1024x653.jpg\" alt=\"\" data-id=\"2584\" data-link=\"http:\/\/www.sorein.cz\/cz\/spalena-17-praha-1\/attachment\/85904032\" class=\"wp-image-2584\" srcset=\"https:\/\/www.sorein.cz\/cz\/wp-content\/uploads\/2019\/05\/85904032.jpg 1024w, https:\/\/www.sorein.cz\/cz\/wp-content\/uploads\/2019\/05\/85904032-900x574.jpg 900w, https:\/\/www.sorein.cz\/cz\/wp-content\/uploads\/2019\/05\/85904032-768x490.jpg 768w\" sizes=\"auto, (max-width: 1024px) 100vw, 1024px\" \/><\/figure><\/li><li class=\"blocks-gallery-item\"><figure><img loading=\"lazy\" decoding=\"async\" width=\"1024\" height=\"683\" src=\"http:\/\/www.sorein.cz\/cz\/wp-content\/uploads\/2019\/05\/195086002-1024x683.jpg\" alt=\"\" data-id=\"2582\" data-link=\"http:\/\/www.sorein.cz\/cz\/spalena-17-praha-1\/attachment\/195086002\" class=\"wp-image-2582\" srcset=\"https:\/\/www.sorein.cz\/cz\/wp-content\/uploads\/2019\/05\/195086002.jpg 1024w, https:\/\/www.sorein.cz\/cz\/wp-content\/uploads\/2019\/05\/195086002-900x600.jpg 900w, https:\/\/www.sorein.cz\/cz\/wp-content\/uploads\/2019\/05\/195086002-768x512.jpg 768w\" sizes=\"auto, (max-width: 1024px) 100vw, 1024px\" \/><\/figure><\/li><li class=\"blocks-gallery-item\"><figure><img loading=\"lazy\" decoding=\"async\" width=\"1024\" height=\"674\" src=\"http:\/\/www.sorein.cz\/cz\/wp-content\/uploads\/2019\/05\/195085413-1024x674.jpg\" alt=\"\" data-id=\"2574\" data-link=\"http:\/\/www.sorein.cz\/cz\/spalena-17-praha-1\/attachment\/195085413\" class=\"wp-image-2574\" srcset=\"https:\/\/www.sorein.cz\/cz\/wp-content\/uploads\/2019\/05\/195085413.jpg 1024w, https:\/\/www.sorein.cz\/cz\/wp-content\/uploads\/2019\/05\/195085413-900x592.jpg 900w, https:\/\/www.sorein.cz\/cz\/wp-content\/uploads\/2019\/05\/195085413-768x506.jpg 768w\" sizes=\"auto, (max-width: 1024px) 100vw, 1024px\" \/><\/figure><\/li><li class=\"blocks-gallery-item\"><figure><img loading=\"lazy\" decoding=\"async\" width=\"1024\" height=\"586\" src=\"http:\/\/www.sorein.cz\/cz\/wp-content\/uploads\/2019\/05\/96141340-1024x586.jpg\" alt=\"\" data-id=\"2570\" data-link=\"http:\/\/www.sorein.cz\/cz\/spalena-17-praha-1\/attachment\/96141340\" class=\"wp-image-2570\" srcset=\"https:\/\/www.sorein.cz\/cz\/wp-content\/uploads\/2019\/05\/96141340.jpg 1024w, https:\/\/www.sorein.cz\/cz\/wp-content\/uploads\/2019\/05\/96141340-900x515.jpg 900w, https:\/\/www.sorein.cz\/cz\/wp-content\/uploads\/2019\/05\/96141340-768x440.jpg 768w\" sizes=\"auto, (max-width: 1024px) 100vw, 1024px\" \/><\/figure><\/li><\/ul>\n","protected":false},"excerpt":{"rendered":"<p>Hotel Garden Court Na ja\u0159e 2017 byl zah\u00e1jen nov\u00fd provoz \u010dty\u0159hv\u011bzdi\u010dkov\u00e9ho hotelu ve Sp\u00e1len\u00e9 ulici na Praze 1, v t\u011bsn\u00e9 bl\u00edzkosti N\u00e1rodn\u00ed t\u0159\u00eddy a doch\u00e1zkov\u00e9 vzd\u00e1lenosti Starom\u011bstsk\u00e9ho i V\u00e1clavsk\u00e9ho n\u00e1m\u011bst\u00ed. Jeden z mnoha pal\u00e1c\u016f historicky pat\u0159\u00edc\u00edch rodu Swarzenberg\u016f. Budova proch\u00e1z\u00edla \u0161etrnou rekonstrukc\u00ed, d\u00edky kter\u00e9 se dochovali p\u016fvodn\u00ed dobov\u00e9 prvky a z\u00e1rove\u0148 dostala modern\u00ed n\u00e1dech dne\u0161n\u00ed [&hellip;]<\/p>\n","protected":false},"author":1,"featured_media":2586,"parent":0,"menu_order":0,"comment_status":"closed","ping_status":"closed","template":"","meta":{"footnotes":""},"class_list":["post-1460","page","type-page","status-publish","has-post-thumbnail","hentry"],"_links":{"self":[{"href":"https:\/\/www.sorein.cz\/cz\/wp-json\/wp\/v2\/pages\/1460","targetHints":{"allow":["GET"]}}],"collection":[{"href":"https:\/\/www.sorein.cz\/cz\/wp-json\/wp\/v2\/pages"}],"about":[{"href":"https:\/\/www.sorein.cz\/cz\/wp-json\/wp\/v2\/types\/page"}],"author":[{"embeddable":true,"href":"https:\/\/www.sorein.cz\/cz\/wp-json\/wp\/v2\/users\/1"}],"replies":[{"embeddable":true,"href":"https:\/\/www.sorein.cz\/cz\/wp-json\/wp\/v2\/comments?post=1460"}],"version-history":[{"count":7,"href":"https:\/\/www.sorein.cz\/cz\/wp-json\/wp\/v2\/pages\/1460\/revisions"}],"predecessor-version":[{"id":2666,"href":"https:\/\/www.sorein.cz\/cz\/wp-json\/wp\/v2\/pages\/1460\/revisions\/2666"}],"wp:featuredmedia":[{"embeddable":true,"href":"https:\/\/www.sorein.cz\/cz\/wp-json\/wp\/v2\/media\/2586"}],"wp:attachment":[{"href":"https:\/\/www.sorein.cz\/cz\/wp-json\/wp\/v2\/media?parent=1460"}],"curies":[{"name":"wp","href":"https:\/\/api.w.org\/{rel}","templated":true}]}}