{"id":1453,"date":"2016-05-20T06:54:14","date_gmt":"2016-05-20T06:54:14","guid":{"rendered":"http:\/\/www.sorein.cz\/cz\/?page_id=1453"},"modified":"2019-05-24T09:16:25","modified_gmt":"2019-05-24T09:16:25","slug":"milady-horakove-liberec","status":"publish","type":"page","link":"https:\/\/www.sorein.cz\/cz\/milady-horakove-liberec","title":{"rendered":"Milady Hor\u00e1kov\u00e9 Liberec"},"content":{"rendered":"<h2>Nemovitost v ulici&nbsp;Milady Hor\u00e1kov\u00e9 v Liberci<\/h2>\n<p style=\"font-size: 16px;\">D\u016fm v Liberci na t\u0159\u00edd\u011b dr. Milady Hor\u00e1kov\u00e9 , p\u0159ipom\u00ednaj\u00edc\u00ed mal\u00fd z\u00e1me\u010dek je majest\u00e1tn\u00edm bodem bl\u00edzko centr\u00e1ln\u00edho n\u00e1m\u011bst\u00ed, autobusov\u00e9ho n\u00e1dra\u017e\u00ed i obchodn\u00edho centra. Je v majetku spole\u010dnosti od r. 2003 a od t\u00e9 doby pro\u0161la kvalitn\u00ed rekonstrukc\u00ed. Budova disponuje 1789 m2 p\u0159edev\u0161\u00edm kancel\u00e1\u0159sk\u00fdch prostor, kter\u00e9 jsou k pron\u00e1jmu \u2013 100 K\u010d\/m2. P\u0159\u00edzem\u00ed a suter\u00e9n &#8211; 415 m2 je pronajat kanadsk\u00e9mu podnikateli, kter\u00fd zde v brzk\u00e9 dob\u011b otev\u0159e svou restauraci Chicago Grill.<\/p>\n\n\n<ul class=\"wp-block-gallery columns-3 is-cropped wp-block-gallery-1 is-layout-flex wp-block-gallery-is-layout-flex\"><li class=\"blocks-gallery-item\"><figure><img loading=\"lazy\" decoding=\"async\" width=\"768\" height=\"1024\" src=\"http:\/\/www.sorein.cz\/cz\/wp-content\/uploads\/2016\/06\/6-768x1024.jpg\" alt=\"\" data-id=\"1844\" data-link=\"http:\/\/www.sorein.cz\/cz\/hostel-downtown\/6-3\" class=\"wp-image-1844\" srcset=\"https:\/\/www.sorein.cz\/cz\/wp-content\/uploads\/2016\/06\/6-768x1024.jpg 768w, https:\/\/www.sorein.cz\/cz\/wp-content\/uploads\/2016\/06\/6-525x700.jpg 525w, https:\/\/www.sorein.cz\/cz\/wp-content\/uploads\/2016\/06\/6.jpg 1000w\" sizes=\"auto, (max-width: 768px) 100vw, 768px\" \/><\/figure><\/li><li class=\"blocks-gallery-item\"><figure><img loading=\"lazy\" decoding=\"async\" width=\"748\" height=\"1024\" src=\"http:\/\/www.sorein.cz\/cz\/wp-content\/uploads\/2016\/06\/2-748x1024.jpg\" alt=\"\" data-id=\"1840\" data-link=\"http:\/\/www.sorein.cz\/cz\/hostel-downtown\/2-2\" class=\"wp-image-1840\" srcset=\"https:\/\/www.sorein.cz\/cz\/wp-content\/uploads\/2016\/06\/2-748x1024.jpg 748w, https:\/\/www.sorein.cz\/cz\/wp-content\/uploads\/2016\/06\/2-511x700.jpg 511w, https:\/\/www.sorein.cz\/cz\/wp-content\/uploads\/2016\/06\/2-768x1051.jpg 768w, https:\/\/www.sorein.cz\/cz\/wp-content\/uploads\/2016\/06\/2.jpg 1000w\" sizes=\"auto, (max-width: 748px) 100vw, 748px\" \/><\/figure><\/li><li class=\"blocks-gallery-item\"><figure><img loading=\"lazy\" decoding=\"async\" width=\"1000\" height=\"750\" src=\"http:\/\/www.sorein.cz\/cz\/wp-content\/uploads\/2016\/06\/5.jpg\" alt=\"\" data-id=\"1843\" data-link=\"http:\/\/www.sorein.cz\/cz\/hostel-downtown\/5-3\" class=\"wp-image-1843\" srcset=\"https:\/\/www.sorein.cz\/cz\/wp-content\/uploads\/2016\/06\/5.jpg 1000w, https:\/\/www.sorein.cz\/cz\/wp-content\/uploads\/2016\/06\/5-900x675.jpg 900w, https:\/\/www.sorein.cz\/cz\/wp-content\/uploads\/2016\/06\/5-768x576.jpg 768w\" sizes=\"auto, (max-width: 1000px) 100vw, 1000px\" \/><\/figure><\/li><li class=\"blocks-gallery-item\"><figure><img loading=\"lazy\" decoding=\"async\" width=\"939\" height=\"750\" src=\"http:\/\/www.sorein.cz\/cz\/wp-content\/uploads\/2016\/06\/1.jpg\" alt=\"\" data-id=\"1839\" data-link=\"http:\/\/www.sorein.cz\/cz\/hostel-downtown\/attachment\/1\" class=\"wp-image-1839\" srcset=\"https:\/\/www.sorein.cz\/cz\/wp-content\/uploads\/2016\/06\/1.jpg 939w, https:\/\/www.sorein.cz\/cz\/wp-content\/uploads\/2016\/06\/1-876x700.jpg 876w, https:\/\/www.sorein.cz\/cz\/wp-content\/uploads\/2016\/06\/1-768x613.jpg 768w\" sizes=\"auto, (max-width: 939px) 100vw, 939px\" \/><\/figure><\/li><li class=\"blocks-gallery-item\"><figure><img loading=\"lazy\" decoding=\"async\" width=\"736\" height=\"1024\" src=\"http:\/\/www.sorein.cz\/cz\/wp-content\/uploads\/2016\/06\/10-736x1024.jpg\" alt=\"\" data-id=\"1848\" data-link=\"http:\/\/www.sorein.cz\/cz\/hostel-downtown\/attachment\/10\" class=\"wp-image-1848\" srcset=\"https:\/\/www.sorein.cz\/cz\/wp-content\/uploads\/2016\/06\/10-736x1024.jpg 736w, https:\/\/www.sorein.cz\/cz\/wp-content\/uploads\/2016\/06\/10-503x700.jpg 503w, https:\/\/www.sorein.cz\/cz\/wp-content\/uploads\/2016\/06\/10-768x1069.jpg 768w, https:\/\/www.sorein.cz\/cz\/wp-content\/uploads\/2016\/06\/10.jpg 1000w\" sizes=\"auto, (max-width: 736px) 100vw, 736px\" \/><\/figure><\/li><li class=\"blocks-gallery-item\"><figure><img loading=\"lazy\" decoding=\"async\" width=\"1000\" height=\"750\" src=\"http:\/\/www.sorein.cz\/cz\/wp-content\/uploads\/2016\/06\/12.jpg\" alt=\"\" data-id=\"1850\" data-link=\"http:\/\/www.sorein.cz\/cz\/hostel-downtown\/attachment\/12\" class=\"wp-image-1850\" srcset=\"https:\/\/www.sorein.cz\/cz\/wp-content\/uploads\/2016\/06\/12.jpg 1000w, https:\/\/www.sorein.cz\/cz\/wp-content\/uploads\/2016\/06\/12-900x675.jpg 900w, https:\/\/www.sorein.cz\/cz\/wp-content\/uploads\/2016\/06\/12-768x576.jpg 768w\" sizes=\"auto, (max-width: 1000px) 100vw, 1000px\" \/><\/figure><\/li><li class=\"blocks-gallery-item\"><figure><img loading=\"lazy\" decoding=\"async\" width=\"768\" height=\"1024\" src=\"http:\/\/www.sorein.cz\/cz\/wp-content\/uploads\/2016\/06\/14-768x1024.jpg\" alt=\"\" data-id=\"1852\" data-link=\"http:\/\/www.sorein.cz\/cz\/hostel-downtown\/attachment\/14\" class=\"wp-image-1852\" srcset=\"https:\/\/www.sorein.cz\/cz\/wp-content\/uploads\/2016\/06\/14-768x1024.jpg 768w, https:\/\/www.sorein.cz\/cz\/wp-content\/uploads\/2016\/06\/14-525x700.jpg 525w, https:\/\/www.sorein.cz\/cz\/wp-content\/uploads\/2016\/06\/14.jpg 1000w\" sizes=\"auto, (max-width: 768px) 100vw, 768px\" \/><\/figure><\/li><li class=\"blocks-gallery-item\"><figure><img loading=\"lazy\" decoding=\"async\" width=\"1000\" height=\"750\" src=\"http:\/\/www.sorein.cz\/cz\/wp-content\/uploads\/2016\/06\/17.jpg\" alt=\"\" data-id=\"1855\" data-link=\"http:\/\/www.sorein.cz\/cz\/hostel-downtown\/attachment\/17\" class=\"wp-image-1855\" srcset=\"https:\/\/www.sorein.cz\/cz\/wp-content\/uploads\/2016\/06\/17.jpg 1000w, https:\/\/www.sorein.cz\/cz\/wp-content\/uploads\/2016\/06\/17-900x675.jpg 900w, https:\/\/www.sorein.cz\/cz\/wp-content\/uploads\/2016\/06\/17-768x576.jpg 768w\" sizes=\"auto, (max-width: 1000px) 100vw, 1000px\" \/><\/figure><\/li><li class=\"blocks-gallery-item\"><figure><img loading=\"lazy\" decoding=\"async\" width=\"1000\" height=\"750\" src=\"http:\/\/www.sorein.cz\/cz\/wp-content\/uploads\/2016\/06\/15.jpg\" alt=\"\" data-id=\"1853\" data-link=\"http:\/\/www.sorein.cz\/cz\/hostel-downtown\/attachment\/15\" class=\"wp-image-1853\" srcset=\"https:\/\/www.sorein.cz\/cz\/wp-content\/uploads\/2016\/06\/15.jpg 1000w, https:\/\/www.sorein.cz\/cz\/wp-content\/uploads\/2016\/06\/15-900x675.jpg 900w, https:\/\/www.sorein.cz\/cz\/wp-content\/uploads\/2016\/06\/15-768x576.jpg 768w\" sizes=\"auto, (max-width: 1000px) 100vw, 1000px\" \/><\/figure><\/li><li class=\"blocks-gallery-item\"><figure><img loading=\"lazy\" decoding=\"async\" width=\"1024\" height=\"768\" src=\"http:\/\/www.sorein.cz\/cz\/wp-content\/uploads\/2016\/05\/004-1024x768.jpg\" alt=\"\" data-id=\"1814\" data-link=\"http:\/\/www.sorein.cz\/cz\/milady-horakove-liberec\/attachment\/004\" class=\"wp-image-1814\" srcset=\"https:\/\/www.sorein.cz\/cz\/wp-content\/uploads\/2016\/05\/004.jpg 1024w, https:\/\/www.sorein.cz\/cz\/wp-content\/uploads\/2016\/05\/004-900x675.jpg 900w, https:\/\/www.sorein.cz\/cz\/wp-content\/uploads\/2016\/05\/004-768x576.jpg 768w\" sizes=\"auto, (max-width: 1024px) 100vw, 1024px\" \/><\/figure><\/li><li class=\"blocks-gallery-item\"><figure><img loading=\"lazy\" decoding=\"async\" width=\"1024\" height=\"768\" src=\"http:\/\/www.sorein.cz\/cz\/wp-content\/uploads\/2016\/05\/002-1024x768.jpg\" alt=\"\" data-id=\"1813\" data-link=\"http:\/\/www.sorein.cz\/cz\/milady-horakove-liberec\/attachment\/002\" class=\"wp-image-1813\" srcset=\"https:\/\/www.sorein.cz\/cz\/wp-content\/uploads\/2016\/05\/002.jpg 1024w, https:\/\/www.sorein.cz\/cz\/wp-content\/uploads\/2016\/05\/002-900x675.jpg 900w, https:\/\/www.sorein.cz\/cz\/wp-content\/uploads\/2016\/05\/002-768x576.jpg 768w\" sizes=\"auto, (max-width: 1024px) 100vw, 1024px\" \/><\/figure><\/li><li class=\"blocks-gallery-item\"><figure><img loading=\"lazy\" decoding=\"async\" width=\"1024\" height=\"768\" src=\"http:\/\/www.sorein.cz\/cz\/wp-content\/uploads\/2016\/05\/062-1024x768.jpg\" alt=\"\" data-id=\"1820\" data-link=\"http:\/\/www.sorein.cz\/cz\/milady-horakove-liberec\/attachment\/062\" class=\"wp-image-1820\" srcset=\"https:\/\/www.sorein.cz\/cz\/wp-content\/uploads\/2016\/05\/062.jpg 1024w, https:\/\/www.sorein.cz\/cz\/wp-content\/uploads\/2016\/05\/062-900x675.jpg 900w, https:\/\/www.sorein.cz\/cz\/wp-content\/uploads\/2016\/05\/062-768x576.jpg 768w\" sizes=\"auto, (max-width: 1024px) 100vw, 1024px\" \/><\/figure><\/li><\/ul>\n","protected":false},"excerpt":{"rendered":"<p>Nemovitost v ulici&nbsp;Milady Hor\u00e1kov\u00e9 v Liberci D\u016fm v Liberci na t\u0159\u00edd\u011b dr. Milady Hor\u00e1kov\u00e9 , p\u0159ipom\u00ednaj\u00edc\u00ed mal\u00fd z\u00e1me\u010dek je majest\u00e1tn\u00edm bodem bl\u00edzko centr\u00e1ln\u00edho n\u00e1m\u011bst\u00ed, autobusov\u00e9ho n\u00e1dra\u017e\u00ed i obchodn\u00edho centra. Je v majetku spole\u010dnosti od r. 2003 a od t\u00e9 doby pro\u0161la kvalitn\u00ed rekonstrukc\u00ed. Budova disponuje 1789 m2 p\u0159edev\u0161\u00edm kancel\u00e1\u0159sk\u00fdch prostor, kter\u00e9 jsou k pron\u00e1jmu \u2013 [&hellip;]<\/p>\n","protected":false},"author":1,"featured_media":1822,"parent":0,"menu_order":0,"comment_status":"closed","ping_status":"closed","template":"","meta":{"footnotes":""},"class_list":["post-1453","page","type-page","status-publish","has-post-thumbnail","hentry"],"_links":{"self":[{"href":"https:\/\/www.sorein.cz\/cz\/wp-json\/wp\/v2\/pages\/1453","targetHints":{"allow":["GET"]}}],"collection":[{"href":"https:\/\/www.sorein.cz\/cz\/wp-json\/wp\/v2\/pages"}],"about":[{"href":"https:\/\/www.sorein.cz\/cz\/wp-json\/wp\/v2\/types\/page"}],"author":[{"embeddable":true,"href":"https:\/\/www.sorein.cz\/cz\/wp-json\/wp\/v2\/users\/1"}],"replies":[{"embeddable":true,"href":"https:\/\/www.sorein.cz\/cz\/wp-json\/wp\/v2\/comments?post=1453"}],"version-history":[{"count":7,"href":"https:\/\/www.sorein.cz\/cz\/wp-json\/wp\/v2\/pages\/1453\/revisions"}],"predecessor-version":[{"id":2664,"href":"https:\/\/www.sorein.cz\/cz\/wp-json\/wp\/v2\/pages\/1453\/revisions\/2664"}],"wp:featuredmedia":[{"embeddable":true,"href":"https:\/\/www.sorein.cz\/cz\/wp-json\/wp\/v2\/media\/1822"}],"wp:attachment":[{"href":"https:\/\/www.sorein.cz\/cz\/wp-json\/wp\/v2\/media?parent=1453"}],"curies":[{"name":"wp","href":"https:\/\/api.w.org\/{rel}","templated":true}]}}