{"id":1447,"date":"2016-05-19T14:44:04","date_gmt":"2016-05-19T14:44:04","guid":{"rendered":"http:\/\/www.sorein.cz\/cz\/?page_id=1447"},"modified":"2019-05-24T08:19:22","modified_gmt":"2019-05-24T08:19:22","slug":"hlavni-trida-10-marianske-lazne","status":"publish","type":"page","link":"https:\/\/www.sorein.cz\/cz\/hlavni-trida-10-marianske-lazne","title":{"rendered":"Hlavn\u00ed t\u0159\u00edda 81\/10, Mari\u00e1nsk\u00e9 l\u00e1zn\u011b"},"content":{"rendered":"\n<h2>Depandence Romantic Suites Marienbad<\/h2>\n<p style=\"font-size: 16px;\">Depandance Romantic Suites je v provozu od roku 2009 a je situov\u00e1na p\u0159\u00edmo v centru Mari\u00e1nsk\u00fdch L\u00e1zn\u00ed proti kolon\u00e1d\u011b. D\u00edky sv\u00e9 v\u00fdhodn\u00e9 poloze je Depandance Romantic Suites ide\u00e1ln\u00edm m\u00edstem pro n\u00e1v\u0161t\u011bvu m\u011bsta, p\u0159i\u010dem\u017e okoln\u00ed parky dokonale spojuj\u00ed m\u011bstsk\u00e9 prost\u0159ed\u00ed s kr\u00e1snou p\u0159\u00edrodou a umo\u017e\u0148\u00faj\u00ed p\u0159\u00edjemnou relaxaci po l\u00e1ze\u0148sk\u00fdch procedur\u00e1ch. Pokoje Depandance Romantic Suites jsou ide\u00e1ln\u00ed pro dlouhodob\u00e9 pobyty vzhledem k vybavenosti pokoj\u016f. Tento apartm\u00e1nov\u00fd d\u016fm toti\u017e nab\u00edz\u00ed komfort pln\u011b vybaven\u00fdch 14 pokoj\u016f s vlastn\u00edm kuchy\u0148sk\u00fdm koutem, kde si host\u00e9 mohou sami p\u0159ipravit ob\u011bd nebo ve\u010de\u0159i. Host\u00e9 mohou vyu\u017e\u00edt nab\u00eddky slu\u017eeb \u2013 wellness a restaurace \u2013 v na\u0161ich dal\u0161\u00edch hotelech Continental a Residence Romanza, vzd\u00e1len\u00fdch max. 10-15 min ch\u016fze, kde je pro n\u011b zaji\u0161t\u011bna i sn\u00eddan\u011b. Velkou v\u00fdhodou je i vlastn\u00ed parkov\u00e1n\u00ed u budovy.<\/p>\n\n\n\n<ul class=\"wp-block-gallery columns-3 is-cropped wp-block-gallery-1 is-layout-flex wp-block-gallery-is-layout-flex\"><li class=\"blocks-gallery-item\"><figure><img loading=\"lazy\" decoding=\"async\" width=\"1024\" height=\"644\" src=\"http:\/\/www.sorein.cz\/cz\/wp-content\/uploads\/2019\/05\/1AP9230-1024x644.jpg\" alt=\"\" data-id=\"2417\" data-link=\"http:\/\/www.sorein.cz\/cz\/hlavni-trida-10-marianske-lazne\/_1ap9230\" class=\"wp-image-2417\" srcset=\"https:\/\/www.sorein.cz\/cz\/wp-content\/uploads\/2019\/05\/1AP9230-1024x644.jpg 1024w, https:\/\/www.sorein.cz\/cz\/wp-content\/uploads\/2019\/05\/1AP9230-900x566.jpg 900w, https:\/\/www.sorein.cz\/cz\/wp-content\/uploads\/2019\/05\/1AP9230-768x483.jpg 768w\" sizes=\"auto, (max-width: 1024px) 100vw, 1024px\" \/><\/figure><\/li><li class=\"blocks-gallery-item\"><figure><img loading=\"lazy\" decoding=\"async\" width=\"1024\" height=\"653\" src=\"http:\/\/www.sorein.cz\/cz\/wp-content\/uploads\/2019\/05\/1AP9255-1024x653.jpg\" alt=\"\" data-id=\"2424\" data-link=\"http:\/\/www.sorein.cz\/cz\/hlavni-trida-10-marianske-lazne\/_1ap9255\" class=\"wp-image-2424\" srcset=\"https:\/\/www.sorein.cz\/cz\/wp-content\/uploads\/2019\/05\/1AP9255-1024x653.jpg 1024w, https:\/\/www.sorein.cz\/cz\/wp-content\/uploads\/2019\/05\/1AP9255-900x574.jpg 900w, https:\/\/www.sorein.cz\/cz\/wp-content\/uploads\/2019\/05\/1AP9255-768x490.jpg 768w\" sizes=\"auto, (max-width: 1024px) 100vw, 1024px\" \/><\/figure><\/li><li class=\"blocks-gallery-item\"><figure><img loading=\"lazy\" decoding=\"async\" width=\"1024\" height=\"677\" src=\"http:\/\/www.sorein.cz\/cz\/wp-content\/uploads\/2019\/05\/1AP9367-1024x677.jpg\" alt=\"\" data-id=\"2411\" data-link=\"http:\/\/www.sorein.cz\/cz\/hlavni-trida-10-marianske-lazne\/_1ap9367\" class=\"wp-image-2411\" srcset=\"https:\/\/www.sorein.cz\/cz\/wp-content\/uploads\/2019\/05\/1AP9367-1024x677.jpg 1024w, https:\/\/www.sorein.cz\/cz\/wp-content\/uploads\/2019\/05\/1AP9367-900x595.jpg 900w, https:\/\/www.sorein.cz\/cz\/wp-content\/uploads\/2019\/05\/1AP9367-768x508.jpg 768w\" sizes=\"auto, (max-width: 1024px) 100vw, 1024px\" \/><\/figure><\/li><li class=\"blocks-gallery-item\"><figure><img loading=\"lazy\" decoding=\"async\" width=\"1024\" height=\"612\" src=\"http:\/\/www.sorein.cz\/cz\/wp-content\/uploads\/2019\/05\/1AP9311-1024x612.jpg\" alt=\"\" data-id=\"2415\" data-link=\"http:\/\/www.sorein.cz\/cz\/hlavni-trida-10-marianske-lazne\/_1ap9311\" class=\"wp-image-2415\" srcset=\"https:\/\/www.sorein.cz\/cz\/wp-content\/uploads\/2019\/05\/1AP9311-1024x612.jpg 1024w, https:\/\/www.sorein.cz\/cz\/wp-content\/uploads\/2019\/05\/1AP9311-900x538.jpg 900w, https:\/\/www.sorein.cz\/cz\/wp-content\/uploads\/2019\/05\/1AP9311-768x459.jpg 768w\" sizes=\"auto, (max-width: 1024px) 100vw, 1024px\" \/><\/figure><\/li><li class=\"blocks-gallery-item\"><figure><img loading=\"lazy\" decoding=\"async\" width=\"1024\" height=\"663\" src=\"http:\/\/www.sorein.cz\/cz\/wp-content\/uploads\/2019\/05\/1AP9361-1024x663.jpg\" alt=\"\" data-id=\"2413\" data-link=\"http:\/\/www.sorein.cz\/cz\/hlavni-trida-10-marianske-lazne\/_1ap9361\" class=\"wp-image-2413\" srcset=\"https:\/\/www.sorein.cz\/cz\/wp-content\/uploads\/2019\/05\/1AP9361-1024x663.jpg 1024w, https:\/\/www.sorein.cz\/cz\/wp-content\/uploads\/2019\/05\/1AP9361-900x583.jpg 900w, https:\/\/www.sorein.cz\/cz\/wp-content\/uploads\/2019\/05\/1AP9361-768x497.jpg 768w\" sizes=\"auto, (max-width: 1024px) 100vw, 1024px\" \/><\/figure><\/li><li class=\"blocks-gallery-item\"><figure><img loading=\"lazy\" decoding=\"async\" width=\"1024\" height=\"622\" src=\"http:\/\/www.sorein.cz\/cz\/wp-content\/uploads\/2019\/05\/1AP9236-1024x622.jpg\" alt=\"\" data-id=\"2419\" data-link=\"http:\/\/www.sorein.cz\/cz\/hlavni-trida-10-marianske-lazne\/_1ap9236\" class=\"wp-image-2419\" srcset=\"https:\/\/www.sorein.cz\/cz\/wp-content\/uploads\/2019\/05\/1AP9236-1024x622.jpg 1024w, https:\/\/www.sorein.cz\/cz\/wp-content\/uploads\/2019\/05\/1AP9236-900x546.jpg 900w, https:\/\/www.sorein.cz\/cz\/wp-content\/uploads\/2019\/05\/1AP9236-768x466.jpg 768w\" sizes=\"auto, (max-width: 1024px) 100vw, 1024px\" \/><\/figure><\/li><\/ul>\n","protected":false},"excerpt":{"rendered":"<p>Depandence Romantic Suites Marienbad Depandance Romantic Suites je v provozu od roku 2009 a je situov\u00e1na p\u0159\u00edmo v centru Mari\u00e1nsk\u00fdch L\u00e1zn\u00ed proti kolon\u00e1d\u011b. D\u00edky sv\u00e9 v\u00fdhodn\u00e9 poloze je Depandance Romantic Suites ide\u00e1ln\u00edm m\u00edstem pro n\u00e1v\u0161t\u011bvu m\u011bsta, p\u0159i\u010dem\u017e okoln\u00ed parky dokonale spojuj\u00ed m\u011bstsk\u00e9 prost\u0159ed\u00ed s kr\u00e1snou p\u0159\u00edrodou a umo\u017e\u0148\u00faj\u00ed p\u0159\u00edjemnou relaxaci po l\u00e1ze\u0148sk\u00fdch procedur\u00e1ch. Pokoje Depandance [&hellip;]<\/p>\n","protected":false},"author":1,"featured_media":2407,"parent":0,"menu_order":0,"comment_status":"closed","ping_status":"closed","template":"","meta":{"footnotes":""},"class_list":["post-1447","page","type-page","status-publish","has-post-thumbnail","hentry"],"_links":{"self":[{"href":"https:\/\/www.sorein.cz\/cz\/wp-json\/wp\/v2\/pages\/1447","targetHints":{"allow":["GET"]}}],"collection":[{"href":"https:\/\/www.sorein.cz\/cz\/wp-json\/wp\/v2\/pages"}],"about":[{"href":"https:\/\/www.sorein.cz\/cz\/wp-json\/wp\/v2\/types\/page"}],"author":[{"embeddable":true,"href":"https:\/\/www.sorein.cz\/cz\/wp-json\/wp\/v2\/users\/1"}],"replies":[{"embeddable":true,"href":"https:\/\/www.sorein.cz\/cz\/wp-json\/wp\/v2\/comments?post=1447"}],"version-history":[{"count":7,"href":"https:\/\/www.sorein.cz\/cz\/wp-json\/wp\/v2\/pages\/1447\/revisions"}],"predecessor-version":[{"id":2607,"href":"https:\/\/www.sorein.cz\/cz\/wp-json\/wp\/v2\/pages\/1447\/revisions\/2607"}],"wp:featuredmedia":[{"embeddable":true,"href":"https:\/\/www.sorein.cz\/cz\/wp-json\/wp\/v2\/media\/2407"}],"wp:attachment":[{"href":"https:\/\/www.sorein.cz\/cz\/wp-json\/wp\/v2\/media?parent=1447"}],"curies":[{"name":"wp","href":"https:\/\/api.w.org\/{rel}","templated":true}]}}