{"id":1436,"date":"2016-05-19T14:36:39","date_gmt":"2016-05-19T14:36:39","guid":{"rendered":"http:\/\/www.sorein.cz\/cz\/?page_id=1436"},"modified":"2019-05-24T08:07:47","modified_gmt":"2019-05-24T08:07:47","slug":"hlavni-trida-88-marianske-lazne","status":"publish","type":"page","link":"https:\/\/www.sorein.cz\/cz\/hlavni-trida-88-marianske-lazne","title":{"rendered":"Hlavn\u00ed t\u0159\u00edda 230\/88, Mari\u00e1nsk\u00e9 l\u00e1zn\u011b"},"content":{"rendered":"<h2>Hotel Continental Marienbad<\/h2>\n<p style=\"font-size: 16px;\">Hotel Continental vyst\u0159\u00eddal za svou dlouholetou p\u016fsobnost \u0159adu jmen, krom jm\u00e9na st\u00e1vaj\u00edc\u00edho byl t\u00e9\u017e zn\u00e1m jako Helvetia, Alexandria. Spole\u010dnost Garzotto Hotels &amp; Resorts za\u010dala provozovat hotel v r. 2005 s n\u00e1zven Alexandria a po celkov\u00e9 rekonstrukci a spojen\u00ed s p\u0159ilehlou budovou dostal sv\u00e9 p\u016fvodn\u00ed jm\u00e9no Continental. Je to \u010dty\u0159hv\u011bzdi\u010dkov\u00fd luxusn\u00ed hotel p\u0159\u00edmo v centru Mari\u00e1nsk\u00fdch L\u00e1zn\u00ed na Hlavn\u00ed t\u0159\u00edd\u011b. Je ide\u00e1ln\u00ed volbou pro relaxa\u010dn\u00ed \u010di l\u00e9\u010debn\u00e9 pobyty, je rozd\u011blen do dvou budov \u2013 Aida a Tosca, kter\u00e9 jsou spojeny wellness centrem \u201eAlexandria\u201c, kter\u00e9 je pln\u011b vybaven\u00e9 a nab\u00edz\u00ed \u0161irok\u00e9 spektrum l\u00e9\u010debn\u00fdch a relaxa\u010dn\u00edch procedur. Host\u016fm je na po\u017e\u00e1d\u00e1n\u00ed za poplatek k dispozici tak\u00e9 l\u00e9ka\u0159, kter\u00fd prov\u00e1d\u00ed vstupn\u00ed kontrolu. Krom\u011b toho je v hotelu sauna a mal\u00fd baz\u00e9n s protiproudem. Hotel disponuje 27 Standardn\u00edmi pokoji a 14 pokoji DeLuxe. V\u0161echny pokoje jsou elegantn\u011b za\u0159\u00edzeny a vyzdobeny tak, abyste se c\u00edtili jako doma. Hotel m\u00e1 svou vlastn\u00ed restauraci, kter\u00e1 nab\u00edz\u00ed mezin\u00e1rodn\u00ed a \u010deskou kuchyni na p\u0159\u00e1n\u00ed tak\u00e9 speci\u00e1ln\u00ed pokrmy pro hosty s dietou nebo pro diabetiky. M\u00e1 tak\u00e9 vlastn\u00ed parkovi\u0161t\u011b pro 13 vozidel a p\u0159\u00edjemnou letn\u00ed terasu s v\u00fdhledem na Hlavn\u00ed t\u0159\u00eddu a za n\u00ed p\u0159ilehl\u00fd n\u00e1dhern\u00fd park.<\/p>\n<p><a href=\"https:\/\/www.garzottohotels.cz\/cs\/hotel-continental-marianske-lazne\/\">webov\u00e1 str\u00e1nka Hotel Continental<\/a><\/p>\n<h3>&nbsp;<\/h3>\n\n\n<ul class=\"wp-block-gallery columns-3 is-cropped wp-block-gallery-1 is-layout-flex wp-block-gallery-is-layout-flex\"><li class=\"blocks-gallery-item\"><figure><img loading=\"lazy\" decoding=\"async\" width=\"894\" height=\"604\" src=\"http:\/\/www.sorein.cz\/cz\/wp-content\/uploads\/2019\/05\/hotel-continental-marienbad-restaurant-12-1.jpg\" alt=\"\" data-id=\"2398\" data-link=\"http:\/\/www.sorein.cz\/cz\/hlavni-trida-88-marianske-lazne\/hotel-continental-marienbad-restaurant-12-2\" class=\"wp-image-2398\" srcset=\"https:\/\/www.sorein.cz\/cz\/wp-content\/uploads\/2019\/05\/hotel-continental-marienbad-restaurant-12-1.jpg 894w, https:\/\/www.sorein.cz\/cz\/wp-content\/uploads\/2019\/05\/hotel-continental-marienbad-restaurant-12-1-768x519.jpg 768w\" sizes=\"auto, (max-width: 894px) 100vw, 894px\" \/><\/figure><\/li><li class=\"blocks-gallery-item\"><figure><img loading=\"lazy\" decoding=\"async\" width=\"1024\" height=\"684\" src=\"http:\/\/www.sorein.cz\/cz\/wp-content\/uploads\/2019\/05\/hotel-continental-marienbad-restaurant-11-2-1024x684.jpg\" alt=\"\" data-id=\"2386\" data-link=\"http:\/\/www.sorein.cz\/cz\/hlavni-trida-88-marianske-lazne\/hotel-continental-marienbad-restaurant-11-3\" class=\"wp-image-2386\" srcset=\"https:\/\/www.sorein.cz\/cz\/wp-content\/uploads\/2019\/05\/hotel-continental-marienbad-restaurant-11-2-1024x684.jpg 1024w, https:\/\/www.sorein.cz\/cz\/wp-content\/uploads\/2019\/05\/hotel-continental-marienbad-restaurant-11-2-900x601.jpg 900w, https:\/\/www.sorein.cz\/cz\/wp-content\/uploads\/2019\/05\/hotel-continental-marienbad-restaurant-11-2-768x513.jpg 768w\" sizes=\"auto, (max-width: 1024px) 100vw, 1024px\" \/><\/figure><\/li><li class=\"blocks-gallery-item\"><figure><img loading=\"lazy\" decoding=\"async\" width=\"1024\" height=\"684\" src=\"http:\/\/www.sorein.cz\/cz\/wp-content\/uploads\/2019\/05\/hotel-continental-marienbad-room-deluxe-09-1-1024x684.jpg\" alt=\"\" data-id=\"2381\" data-link=\"http:\/\/www.sorein.cz\/cz\/hlavni-trida-88-marianske-lazne\/hotel-continental-marienbad-room-deluxe-09-3\" class=\"wp-image-2381\" srcset=\"https:\/\/www.sorein.cz\/cz\/wp-content\/uploads\/2019\/05\/hotel-continental-marienbad-room-deluxe-09-1-1024x684.jpg 1024w, https:\/\/www.sorein.cz\/cz\/wp-content\/uploads\/2019\/05\/hotel-continental-marienbad-room-deluxe-09-1-900x601.jpg 900w, https:\/\/www.sorein.cz\/cz\/wp-content\/uploads\/2019\/05\/hotel-continental-marienbad-room-deluxe-09-1-768x513.jpg 768w\" sizes=\"auto, (max-width: 1024px) 100vw, 1024px\" \/><\/figure><\/li><li class=\"blocks-gallery-item\"><figure><img loading=\"lazy\" decoding=\"async\" width=\"1024\" height=\"661\" src=\"http:\/\/www.sorein.cz\/cz\/wp-content\/uploads\/2019\/05\/1AP8601-1024x661.jpg\" alt=\"\" data-id=\"2366\" data-link=\"http:\/\/www.sorein.cz\/cz\/hlavni-trida-88-marianske-lazne\/_1ap8601\" class=\"wp-image-2366\" srcset=\"https:\/\/www.sorein.cz\/cz\/wp-content\/uploads\/2019\/05\/1AP8601-1024x661.jpg 1024w, https:\/\/www.sorein.cz\/cz\/wp-content\/uploads\/2019\/05\/1AP8601-900x581.jpg 900w, https:\/\/www.sorein.cz\/cz\/wp-content\/uploads\/2019\/05\/1AP8601-768x496.jpg 768w, https:\/\/www.sorein.cz\/cz\/wp-content\/uploads\/2019\/05\/1AP8601.jpg 1920w\" sizes=\"auto, (max-width: 1024px) 100vw, 1024px\" \/><\/figure><\/li><li class=\"blocks-gallery-item\"><figure><img loading=\"lazy\" decoding=\"async\" width=\"1024\" height=\"684\" src=\"http:\/\/www.sorein.cz\/cz\/wp-content\/uploads\/2019\/05\/hotel-continental-marienbad-deluxe-room-bathroom-06-1-1024x684.jpg\" alt=\"\" data-id=\"2362\" data-link=\"http:\/\/www.sorein.cz\/cz\/hlavni-trida-88-marianske-lazne\/hotel-continental-marienbad-deluxe-room-bathroom-06-2\" class=\"wp-image-2362\" srcset=\"https:\/\/www.sorein.cz\/cz\/wp-content\/uploads\/2019\/05\/hotel-continental-marienbad-deluxe-room-bathroom-06-1-1024x684.jpg 1024w, https:\/\/www.sorein.cz\/cz\/wp-content\/uploads\/2019\/05\/hotel-continental-marienbad-deluxe-room-bathroom-06-1-900x601.jpg 900w, https:\/\/www.sorein.cz\/cz\/wp-content\/uploads\/2019\/05\/hotel-continental-marienbad-deluxe-room-bathroom-06-1-768x513.jpg 768w\" sizes=\"auto, (max-width: 1024px) 100vw, 1024px\" \/><\/figure><\/li><li class=\"blocks-gallery-item\"><figure><img loading=\"lazy\" decoding=\"async\" width=\"1024\" height=\"676\" src=\"http:\/\/www.sorein.cz\/cz\/wp-content\/uploads\/2019\/05\/hotel-continental-marienbad-pool-01-1-1024x676.jpg\" alt=\"\" data-id=\"2351\" data-link=\"http:\/\/www.sorein.cz\/cz\/hlavni-trida-88-marianske-lazne\/hotel-continental-marienbad-pool-01-1\" class=\"wp-image-2351\" srcset=\"https:\/\/www.sorein.cz\/cz\/wp-content\/uploads\/2019\/05\/hotel-continental-marienbad-pool-01-1-1024x676.jpg 1024w, https:\/\/www.sorein.cz\/cz\/wp-content\/uploads\/2019\/05\/hotel-continental-marienbad-pool-01-1-900x594.jpg 900w, https:\/\/www.sorein.cz\/cz\/wp-content\/uploads\/2019\/05\/hotel-continental-marienbad-pool-01-1-768x507.jpg 768w, https:\/\/www.sorein.cz\/cz\/wp-content\/uploads\/2019\/05\/hotel-continental-marienbad-pool-01-1.jpg 1819w\" sizes=\"auto, (max-width: 1024px) 100vw, 1024px\" \/><\/figure><\/li><li class=\"blocks-gallery-item\"><figure><img loading=\"lazy\" decoding=\"async\" width=\"1024\" height=\"661\" src=\"http:\/\/www.sorein.cz\/cz\/wp-content\/uploads\/2019\/05\/1AP8623-1024x661.jpg\" alt=\"\" data-id=\"2388\" data-link=\"http:\/\/www.sorein.cz\/cz\/hlavni-trida-88-marianske-lazne\/_1ap8623\" class=\"wp-image-2388\" srcset=\"https:\/\/www.sorein.cz\/cz\/wp-content\/uploads\/2019\/05\/1AP8623-1024x661.jpg 1024w, https:\/\/www.sorein.cz\/cz\/wp-content\/uploads\/2019\/05\/1AP8623-900x581.jpg 900w, https:\/\/www.sorein.cz\/cz\/wp-content\/uploads\/2019\/05\/1AP8623-768x496.jpg 768w, https:\/\/www.sorein.cz\/cz\/wp-content\/uploads\/2019\/05\/1AP8623.jpg 1920w\" sizes=\"auto, (max-width: 1024px) 100vw, 1024px\" \/><\/figure><\/li><li class=\"blocks-gallery-item\"><figure><img loading=\"lazy\" decoding=\"async\" width=\"1024\" height=\"683\" src=\"http:\/\/www.sorein.cz\/cz\/wp-content\/uploads\/2019\/05\/new-2-1024x683.jpg\" alt=\"\" data-id=\"2402\" data-link=\"http:\/\/www.sorein.cz\/cz\/wp-content\/uploads\/2019\/05\/new-2.jpg\" class=\"wp-image-2402\" srcset=\"https:\/\/www.sorein.cz\/cz\/wp-content\/uploads\/2019\/05\/new-2.jpg 1024w, https:\/\/www.sorein.cz\/cz\/wp-content\/uploads\/2019\/05\/new-2-900x600.jpg 900w, https:\/\/www.sorein.cz\/cz\/wp-content\/uploads\/2019\/05\/new-2-768x512.jpg 768w\" sizes=\"auto, (max-width: 1024px) 100vw, 1024px\" \/><\/figure><\/li><\/ul>\n","protected":false},"excerpt":{"rendered":"<p>Hotel Continental Marienbad Hotel Continental vyst\u0159\u00eddal za svou dlouholetou p\u016fsobnost \u0159adu jmen, krom jm\u00e9na st\u00e1vaj\u00edc\u00edho byl t\u00e9\u017e zn\u00e1m jako Helvetia, Alexandria. Spole\u010dnost Garzotto Hotels &amp; Resorts za\u010dala provozovat hotel v r. 2005 s n\u00e1zven Alexandria a po celkov\u00e9 rekonstrukci a spojen\u00ed s p\u0159ilehlou budovou dostal sv\u00e9 p\u016fvodn\u00ed jm\u00e9no Continental. Je to \u010dty\u0159hv\u011bzdi\u010dkov\u00fd luxusn\u00ed hotel p\u0159\u00edmo [&hellip;]<\/p>\n","protected":false},"author":1,"featured_media":2323,"parent":0,"menu_order":0,"comment_status":"closed","ping_status":"closed","template":"","meta":{"footnotes":""},"class_list":["post-1436","page","type-page","status-publish","has-post-thumbnail","hentry"],"_links":{"self":[{"href":"https:\/\/www.sorein.cz\/cz\/wp-json\/wp\/v2\/pages\/1436","targetHints":{"allow":["GET"]}}],"collection":[{"href":"https:\/\/www.sorein.cz\/cz\/wp-json\/wp\/v2\/pages"}],"about":[{"href":"https:\/\/www.sorein.cz\/cz\/wp-json\/wp\/v2\/types\/page"}],"author":[{"embeddable":true,"href":"https:\/\/www.sorein.cz\/cz\/wp-json\/wp\/v2\/users\/1"}],"replies":[{"embeddable":true,"href":"https:\/\/www.sorein.cz\/cz\/wp-json\/wp\/v2\/comments?post=1436"}],"version-history":[{"count":10,"href":"https:\/\/www.sorein.cz\/cz\/wp-json\/wp\/v2\/pages\/1436\/revisions"}],"predecessor-version":[{"id":2604,"href":"https:\/\/www.sorein.cz\/cz\/wp-json\/wp\/v2\/pages\/1436\/revisions\/2604"}],"wp:featuredmedia":[{"embeddable":true,"href":"https:\/\/www.sorein.cz\/cz\/wp-json\/wp\/v2\/media\/2323"}],"wp:attachment":[{"href":"https:\/\/www.sorein.cz\/cz\/wp-json\/wp\/v2\/media?parent=1436"}],"curies":[{"name":"wp","href":"https:\/\/api.w.org\/{rel}","templated":true}]}}