{"id":1395,"date":"2016-05-19T13:37:26","date_gmt":"2016-05-19T13:37:26","guid":{"rendered":"http:\/\/www.sorein.cz\/cz\/?page_id=1395"},"modified":"2020-01-07T13:48:34","modified_gmt":"2020-01-07T13:48:34","slug":"nerudova-42-praha-1-2","status":"publish","type":"page","link":"https:\/\/www.sorein.cz\/cz\/nerudova-42-praha-1-2","title":{"rendered":"Nerudova 235\/43, Praha 1"},"content":{"rendered":"<h2>Residence Bijou de Prague<br \/>2005<\/h2>\n<h3>Kulturn\u00ed pam\u00e1tka<\/h3>\n<p style=\"font-size: 16px;\">Origin\u00e1ln\u00ed apartm\u00e1nov\u00fd hotel Bijou de Prague, kter\u00fd se nach\u00e1z\u00ed p\u0159\u00edmo v historick\u00e9m srdci pra\u017esk\u00e9ho Star\u00e9ho M\u011bsta , v malebn\u00e9m a romantick\u00e9m prost\u0159ed\u00ed Nerudovy ulice. <br \/>Unik\u00e1tn\u00ed architektura, origin\u00e1ln\u011b malovan\u00e9 d\u0159ev\u011bn\u00e9 stropy, historie, poloha a kompletn\u011b renovovan\u00e9 interi\u00e9ry dod\u00e1vaj\u00ed hotelu elegantn\u00ed atmosf\u00e9ru. <br \/>6 Executive pokoj\u00edch &#8211; ka\u017ed\u00fd pokoj je vybaven historick\u00fdm stylov\u00fdm n\u00e1bytkem vyroben\u00fdm na m\u00edru odpov\u00eddaj\u00edc\u00ed stylu stolet\u00ed, kter\u00e9 p\u0159edstavuje \u2013 Karel IV, Albrecht z Vald\u0161tejna, Rudolf II., Arcimboldo, Wolfgang Amadeus Mozart a Franz Kafka.\u00a0<\/p>\n\n\n<ul class=\"wp-block-gallery columns-3 is-cropped wp-block-gallery-1 is-layout-flex wp-block-gallery-is-layout-flex\"><li class=\"blocks-gallery-item\"><figure><img loading=\"lazy\" decoding=\"async\" width=\"754\" height=\"553\" src=\"http:\/\/www.sorein.cz\/cz\/wp-content\/uploads\/2016\/05\/Schermata-2016-05-12-alle-16.29.48.png\" alt=\"\" data-id=\"1407\" data-link=\"http:\/\/www.sorein.cz\/cz\/nerudova-42-praha-1-2\/schermata-2016-05-12-alle-16-29-48\" class=\"wp-image-1407\"\/><figcaption>Building<\/figcaption><\/figure><\/li><li class=\"blocks-gallery-item\"><figure><img loading=\"lazy\" decoding=\"async\" width=\"600\" height=\"448\" src=\"http:\/\/www.sorein.cz\/cz\/wp-content\/uploads\/2013\/06\/Rudolf_II.jpg\" alt=\"\" data-id=\"1152\" data-link=\"http:\/\/www.sorein.cz\/cz\/rudolf_ii\" class=\"wp-image-1152\"\/><\/figure><\/li><li class=\"blocks-gallery-item\"><figure><img loading=\"lazy\" decoding=\"async\" width=\"840\" height=\"564\" src=\"http:\/\/www.sorein.cz\/cz\/wp-content\/uploads\/2016\/05\/Schermata-2016-05-12-alle-16.34.25.png\" alt=\"\" data-id=\"1400\" data-link=\"http:\/\/www.sorein.cz\/cz\/nerudova-42-praha-1-2\/schermata-2016-05-12-alle-16-34-25\" class=\"wp-image-1400\" srcset=\"https:\/\/www.sorein.cz\/cz\/wp-content\/uploads\/2016\/05\/Schermata-2016-05-12-alle-16.34.25.png 840w, https:\/\/www.sorein.cz\/cz\/wp-content\/uploads\/2016\/05\/Schermata-2016-05-12-alle-16.34.25-768x516.png 768w\" sizes=\"auto, (max-width: 840px) 100vw, 840px\" \/><figcaption>Albrecht<\/figcaption><\/figure><\/li><li class=\"blocks-gallery-item\"><figure><img loading=\"lazy\" decoding=\"async\" width=\"600\" height=\"489\" src=\"http:\/\/www.sorein.cz\/cz\/wp-content\/uploads\/2013\/06\/Arcimboldo_pokoj.jpg\" alt=\"\" data-id=\"1145\" data-link=\"http:\/\/www.sorein.cz\/cz\/arcimboldo_pokoj\" class=\"wp-image-1145\"\/><\/figure><\/li><li class=\"blocks-gallery-item\"><figure><img loading=\"lazy\" decoding=\"async\" width=\"600\" height=\"488\" src=\"http:\/\/www.sorein.cz\/cz\/wp-content\/uploads\/2013\/06\/Albrecht_z_Valdstejna.jpg\" alt=\"\" data-id=\"1143\" data-link=\"http:\/\/www.sorein.cz\/cz\/albrecht_z_valdstejna\" class=\"wp-image-1143\"\/><\/figure><\/li><li class=\"blocks-gallery-item\"><figure><img loading=\"lazy\" decoding=\"async\" width=\"330\" height=\"480\" src=\"http:\/\/www.sorein.cz\/cz\/wp-content\/uploads\/2013\/06\/nerudovka2F007.jpg\" alt=\"\" data-id=\"1149\" data-link=\"http:\/\/www.sorein.cz\/cz\/nerudovka2f007\" class=\"wp-image-1149\"\/><\/figure><\/li><li class=\"blocks-gallery-item\"><figure><img loading=\"lazy\" decoding=\"async\" width=\"600\" height=\"508\" src=\"http:\/\/www.sorein.cz\/cz\/wp-content\/uploads\/2013\/06\/nerudovkaF017.jpg\" alt=\"\" data-id=\"1151\" data-link=\"http:\/\/www.sorein.cz\/cz\/nerudovkaf017-2\" class=\"wp-image-1151\"\/><\/figure><\/li><li class=\"blocks-gallery-item\"><figure><img loading=\"lazy\" decoding=\"async\" width=\"398\" height=\"480\" src=\"http:\/\/www.sorein.cz\/cz\/wp-content\/uploads\/2013\/06\/Arcimboldo_lo\u00c2\u017enice.jpg\" alt=\"\" data-id=\"1144\" data-link=\"http:\/\/www.sorein.cz\/cz\/arcimboldo_loaznice\" class=\"wp-image-1144\"\/><\/figure><\/li><li class=\"blocks-gallery-item\"><figure><img loading=\"lazy\" decoding=\"async\" width=\"799\" height=\"560\" src=\"http:\/\/www.sorein.cz\/cz\/wp-content\/uploads\/2016\/05\/Schermata-2016-05-12-alle-16.29.23.png\" alt=\"\" data-id=\"1405\" data-link=\"http:\/\/www.sorein.cz\/cz\/nerudova-42-praha-1-2\/schermata-2016-05-12-alle-16-29-23\" class=\"wp-image-1405\" srcset=\"https:\/\/www.sorein.cz\/cz\/wp-content\/uploads\/2016\/05\/Schermata-2016-05-12-alle-16.29.23.png 799w, https:\/\/www.sorein.cz\/cz\/wp-content\/uploads\/2016\/05\/Schermata-2016-05-12-alle-16.29.23-768x538.png 768w\" sizes=\"auto, (max-width: 799px) 100vw, 799px\" \/><figcaption>Mozart<\/figcaption><\/figure><\/li><li class=\"blocks-gallery-item\"><figure><img loading=\"lazy\" decoding=\"async\" width=\"832\" height=\"550\" src=\"http:\/\/www.sorein.cz\/cz\/wp-content\/uploads\/2016\/05\/Schermata-2016-05-12-alle-16.28.40.png\" alt=\"\" data-id=\"1404\" data-link=\"http:\/\/www.sorein.cz\/cz\/nerudova-42-praha-1-2\/schermata-2016-05-12-alle-16-28-40\" class=\"wp-image-1404\" srcset=\"https:\/\/www.sorein.cz\/cz\/wp-content\/uploads\/2016\/05\/Schermata-2016-05-12-alle-16.28.40.png 832w, https:\/\/www.sorein.cz\/cz\/wp-content\/uploads\/2016\/05\/Schermata-2016-05-12-alle-16.28.40-768x508.png 768w\" sizes=\"auto, (max-width: 832px) 100vw, 832px\" \/><figcaption>Mozart<\/figcaption><\/figure><\/li><li class=\"blocks-gallery-item\"><figure><img loading=\"lazy\" decoding=\"async\" width=\"835\" height=\"560\" src=\"http:\/\/www.sorein.cz\/cz\/wp-content\/uploads\/2016\/05\/Schermata-2016-05-12-alle-16.34.42.png\" alt=\"\" data-id=\"1399\" data-link=\"http:\/\/www.sorein.cz\/cz\/nerudova-42-praha-1-2\/schermata-2016-05-12-alle-16-34-42\" class=\"wp-image-1399\" srcset=\"https:\/\/www.sorein.cz\/cz\/wp-content\/uploads\/2016\/05\/Schermata-2016-05-12-alle-16.34.42.png 835w, https:\/\/www.sorein.cz\/cz\/wp-content\/uploads\/2016\/05\/Schermata-2016-05-12-alle-16.34.42-768x515.png 768w\" sizes=\"auto, (max-width: 835px) 100vw, 835px\" \/><figcaption>Albrecht<\/figcaption><\/figure><\/li><li class=\"blocks-gallery-item\"><figure><img loading=\"lazy\" decoding=\"async\" width=\"639\" height=\"426\" src=\"http:\/\/www.sorein.cz\/cz\/wp-content\/uploads\/2016\/05\/526fdf87_original.jpg\" alt=\"\" data-id=\"1402\" data-link=\"http:\/\/www.sorein.cz\/cz\/nerudova-42-praha-1-2\/526fdf87_original\" class=\"wp-image-1402\"\/><figcaption>Karel<\/figcaption><\/figure><\/li><li class=\"blocks-gallery-item\"><figure><img loading=\"lazy\" decoding=\"async\" width=\"349\" height=\"480\" src=\"http:\/\/www.sorein.cz\/cz\/wp-content\/uploads\/2013\/06\/Karel_IV_pokoj.jpg\" alt=\"\" data-id=\"1148\" data-link=\"http:\/\/www.sorein.cz\/cz\/karel_iv_pokoj\" class=\"wp-image-1148\"\/><\/figure><\/li><li class=\"blocks-gallery-item\"><figure><img loading=\"lazy\" decoding=\"async\" width=\"319\" height=\"480\" src=\"http:\/\/www.sorein.cz\/cz\/wp-content\/uploads\/2013\/06\/EE9U5953.jpg\" alt=\"\" data-id=\"1146\" data-link=\"http:\/\/www.sorein.cz\/cz\/ee9u5953\" class=\"wp-image-1146\"\/><\/figure><\/li><li class=\"blocks-gallery-item\"><figure><img loading=\"lazy\" decoding=\"async\" width=\"600\" height=\"449\" src=\"http:\/\/www.sorein.cz\/cz\/wp-content\/uploads\/2013\/06\/Karel_IV.jpg\" alt=\"\" data-id=\"1147\" data-link=\"http:\/\/www.sorein.cz\/cz\/karel_iv\" class=\"wp-image-1147\"\/><\/figure><\/li><\/ul>\n","protected":false},"excerpt":{"rendered":"<p>Residence Bijou de Prague2005 Kulturn\u00ed pam\u00e1tka Origin\u00e1ln\u00ed apartm\u00e1nov\u00fd hotel Bijou de Prague, kter\u00fd se nach\u00e1z\u00ed p\u0159\u00edmo v historick\u00e9m srdci pra\u017esk\u00e9ho Star\u00e9ho M\u011bsta , v malebn\u00e9m a romantick\u00e9m prost\u0159ed\u00ed Nerudovy ulice. Unik\u00e1tn\u00ed architektura, origin\u00e1ln\u011b malovan\u00e9 d\u0159ev\u011bn\u00e9 stropy, historie, poloha a kompletn\u011b renovovan\u00e9 interi\u00e9ry dod\u00e1vaj\u00ed hotelu elegantn\u00ed atmosf\u00e9ru. 6 Executive pokoj\u00edch &#8211; ka\u017ed\u00fd pokoj je vybaven historick\u00fdm [&hellip;]<\/p>\n","protected":false},"author":1,"featured_media":1913,"parent":0,"menu_order":0,"comment_status":"closed","ping_status":"closed","template":"","meta":{"footnotes":""},"class_list":["post-1395","page","type-page","status-publish","has-post-thumbnail","hentry"],"_links":{"self":[{"href":"https:\/\/www.sorein.cz\/cz\/wp-json\/wp\/v2\/pages\/1395","targetHints":{"allow":["GET"]}}],"collection":[{"href":"https:\/\/www.sorein.cz\/cz\/wp-json\/wp\/v2\/pages"}],"about":[{"href":"https:\/\/www.sorein.cz\/cz\/wp-json\/wp\/v2\/types\/page"}],"author":[{"embeddable":true,"href":"https:\/\/www.sorein.cz\/cz\/wp-json\/wp\/v2\/users\/1"}],"replies":[{"embeddable":true,"href":"https:\/\/www.sorein.cz\/cz\/wp-json\/wp\/v2\/comments?post=1395"}],"version-history":[{"count":14,"href":"https:\/\/www.sorein.cz\/cz\/wp-json\/wp\/v2\/pages\/1395\/revisions"}],"predecessor-version":[{"id":2698,"href":"https:\/\/www.sorein.cz\/cz\/wp-json\/wp\/v2\/pages\/1395\/revisions\/2698"}],"wp:featuredmedia":[{"embeddable":true,"href":"https:\/\/www.sorein.cz\/cz\/wp-json\/wp\/v2\/media\/1913"}],"wp:attachment":[{"href":"https:\/\/www.sorein.cz\/cz\/wp-json\/wp\/v2\/media?parent=1395"}],"curies":[{"name":"wp","href":"https:\/\/api.w.org\/{rel}","templated":true}]}}