{"id":1391,"date":"2016-05-19T12:56:05","date_gmt":"2016-05-19T12:56:05","guid":{"rendered":"http:\/\/www.sorein.cz\/cz\/?page_id=1391"},"modified":"2020-01-07T15:15:06","modified_gmt":"2020-01-07T15:15:06","slug":"nerudova-42-praha-1","status":"publish","type":"page","link":"https:\/\/www.sorein.cz\/cz\/nerudova-42-praha-1","title":{"rendered":"Nerudova 224\/42, Praha 1"},"content":{"rendered":"\n<h2>Residence Green Lobster Praha<\/h2>\n<h2>2007<\/h2>\n<p style=\"font-size: 16px;\">V lednu 2007 byl zprovozn\u011bn hotel Green Lobster v Nerudov\u011b ulici. Jedn\u00e1 se o objekt z po\u010d\u00e1tku 14.\nHotel Green Lobster m\u00e1 20 pokoj\u016f \u2013 9 Standardn\u00edch, 5 DeLuxe a romantick\u00e9 svatebn\u00ed apartm\u00e1.<\/p>\n\n\n\n<ul class=\"wp-block-gallery columns-3 is-cropped wp-block-gallery-1 is-layout-flex wp-block-gallery-is-layout-flex\"><li class=\"blocks-gallery-item\"><figure><img loading=\"lazy\" decoding=\"async\" width=\"592\" height=\"1000\" src=\"http:\/\/www.sorein.cz\/cz\/wp-content\/uploads\/2012\/02\/DSCF4221.jpg\" alt=\"\" data-id=\"313\" data-link=\"http:\/\/www.sorein.cz\/cz\/o-nas\/dscf4221\" class=\"wp-image-313\" srcset=\"https:\/\/www.sorein.cz\/cz\/wp-content\/uploads\/2012\/02\/DSCF4221.jpg 592w, https:\/\/www.sorein.cz\/cz\/wp-content\/uploads\/2012\/02\/DSCF4221-414x700.jpg 414w\" sizes=\"auto, (max-width: 592px) 100vw, 592px\" \/><\/figure><\/li><li class=\"blocks-gallery-item\"><figure><img loading=\"lazy\" decoding=\"async\" width=\"718\" height=\"1024\" src=\"http:\/\/www.sorein.cz\/cz\/wp-content\/uploads\/2019\/05\/24015-3-l-718x1024.jpg\" alt=\"\" data-id=\"2279\" data-link=\"http:\/\/www.sorein.cz\/cz\/nerudova-42-praha-1\/24015-3-l\" class=\"wp-image-2279\" srcset=\"https:\/\/www.sorein.cz\/cz\/wp-content\/uploads\/2019\/05\/24015-3-l-718x1024.jpg 718w, https:\/\/www.sorein.cz\/cz\/wp-content\/uploads\/2019\/05\/24015-3-l-491x700.jpg 491w, https:\/\/www.sorein.cz\/cz\/wp-content\/uploads\/2019\/05\/24015-3-l-768x1096.jpg 768w, https:\/\/www.sorein.cz\/cz\/wp-content\/uploads\/2019\/05\/24015-3-l.jpg 1024w\" sizes=\"auto, (max-width: 718px) 100vw, 718px\" \/><\/figure><\/li><li class=\"blocks-gallery-item\"><figure><img loading=\"lazy\" decoding=\"async\" width=\"662\" height=\"497\" src=\"http:\/\/www.sorein.cz\/cz\/wp-content\/uploads\/2019\/05\/ceiling-hotel-green-lobster-prague.jpg\" alt=\"\" data-id=\"2273\" data-link=\"http:\/\/www.sorein.cz\/cz\/nerudova-42-praha-1\/ceiling-hotel-green-lobster-prague\" class=\"wp-image-2273\"\/><\/figure><\/li><li class=\"blocks-gallery-item\"><figure><img loading=\"lazy\" decoding=\"async\" width=\"1024\" height=\"677\" src=\"http:\/\/www.sorein.cz\/cz\/wp-content\/uploads\/2019\/05\/3-1024x677.png\" alt=\"\" data-id=\"2275\" data-link=\"http:\/\/www.sorein.cz\/cz\/nerudova-42-praha-1\/3-5\" class=\"wp-image-2275\" srcset=\"https:\/\/www.sorein.cz\/cz\/wp-content\/uploads\/2019\/05\/3-1024x677.png 1024w, https:\/\/www.sorein.cz\/cz\/wp-content\/uploads\/2019\/05\/3-900x595.png 900w, https:\/\/www.sorein.cz\/cz\/wp-content\/uploads\/2019\/05\/3-768x508.png 768w, https:\/\/www.sorein.cz\/cz\/wp-content\/uploads\/2019\/05\/3.png 1324w\" sizes=\"auto, (max-width: 1024px) 100vw, 1024px\" \/><\/figure><\/li><li class=\"blocks-gallery-item\"><figure><img loading=\"lazy\" decoding=\"async\" width=\"719\" height=\"1024\" src=\"http:\/\/www.sorein.cz\/cz\/wp-content\/uploads\/2019\/05\/24015-0-l-719x1024.jpg\" alt=\"\" data-id=\"2277\" data-link=\"http:\/\/www.sorein.cz\/cz\/nerudova-42-praha-1\/24015-0-l\" class=\"wp-image-2277\" srcset=\"https:\/\/www.sorein.cz\/cz\/wp-content\/uploads\/2019\/05\/24015-0-l-719x1024.jpg 719w, https:\/\/www.sorein.cz\/cz\/wp-content\/uploads\/2019\/05\/24015-0-l-492x700.jpg 492w, https:\/\/www.sorein.cz\/cz\/wp-content\/uploads\/2019\/05\/24015-0-l-768x1094.jpg 768w, https:\/\/www.sorein.cz\/cz\/wp-content\/uploads\/2019\/05\/24015-0-l.jpg 1024w\" sizes=\"auto, (max-width: 719px) 100vw, 719px\" \/><\/figure><\/li><li class=\"blocks-gallery-item\"><figure><img loading=\"lazy\" decoding=\"async\" width=\"1024\" height=\"683\" src=\"http:\/\/www.sorein.cz\/cz\/wp-content\/uploads\/2019\/05\/Senza-titolo-2-1024x683.png\" alt=\"\" data-id=\"2281\" data-link=\"http:\/\/www.sorein.cz\/cz\/nerudova-42-praha-1\/senza-titolo-2\" class=\"wp-image-2281\" srcset=\"https:\/\/www.sorein.cz\/cz\/wp-content\/uploads\/2019\/05\/Senza-titolo-2-1024x683.png 1024w, https:\/\/www.sorein.cz\/cz\/wp-content\/uploads\/2019\/05\/Senza-titolo-2-900x600.png 900w, https:\/\/www.sorein.cz\/cz\/wp-content\/uploads\/2019\/05\/Senza-titolo-2-768x512.png 768w, https:\/\/www.sorein.cz\/cz\/wp-content\/uploads\/2019\/05\/Senza-titolo-2.png 1321w\" sizes=\"auto, (max-width: 1024px) 100vw, 1024px\" \/><\/figure><\/li><li class=\"blocks-gallery-item\"><figure><img loading=\"lazy\" decoding=\"async\" width=\"994\" height=\"768\" src=\"http:\/\/www.sorein.cz\/cz\/wp-content\/uploads\/2019\/05\/89490041-2.jpg\" alt=\"\" data-id=\"2289\" data-link=\"http:\/\/www.sorein.cz\/cz\/nerudova-42-praha-1\/89490041-3\" class=\"wp-image-2289\" srcset=\"https:\/\/www.sorein.cz\/cz\/wp-content\/uploads\/2019\/05\/89490041-2.jpg 994w, https:\/\/www.sorein.cz\/cz\/wp-content\/uploads\/2019\/05\/89490041-2-900x695.jpg 900w, https:\/\/www.sorein.cz\/cz\/wp-content\/uploads\/2019\/05\/89490041-2-768x593.jpg 768w\" sizes=\"auto, (max-width: 994px) 100vw, 994px\" \/><\/figure><\/li><li class=\"blocks-gallery-item\"><figure><img loading=\"lazy\" decoding=\"async\" width=\"1024\" height=\"683\" src=\"http:\/\/www.sorein.cz\/cz\/wp-content\/uploads\/2019\/05\/120823498-1024x683.jpg\" alt=\"\" data-id=\"2271\" data-link=\"http:\/\/www.sorein.cz\/cz\/nerudova-42-praha-1\/attachment\/120823498\" class=\"wp-image-2271\" srcset=\"https:\/\/www.sorein.cz\/cz\/wp-content\/uploads\/2019\/05\/120823498.jpg 1024w, https:\/\/www.sorein.cz\/cz\/wp-content\/uploads\/2019\/05\/120823498-900x600.jpg 900w, https:\/\/www.sorein.cz\/cz\/wp-content\/uploads\/2019\/05\/120823498-768x512.jpg 768w\" sizes=\"auto, (max-width: 1024px) 100vw, 1024px\" \/><\/figure><\/li><\/ul>\n","protected":false},"excerpt":{"rendered":"<p>Residence Green Lobster Praha 2007 V lednu 2007 byl zprovozn\u011bn hotel Green Lobster v Nerudov\u011b ulici. Jedn\u00e1 se o objekt z po\u010d\u00e1tku 14. Hotel Green Lobster m\u00e1 20 pokoj\u016f \u2013 9 Standardn\u00edch, 5 DeLuxe a romantick\u00e9 svatebn\u00ed apartm\u00e1.<\/p>\n","protected":false},"author":1,"featured_media":1392,"parent":0,"menu_order":0,"comment_status":"closed","ping_status":"closed","template":"","meta":{"footnotes":""},"class_list":["post-1391","page","type-page","status-publish","has-post-thumbnail","hentry"],"_links":{"self":[{"href":"https:\/\/www.sorein.cz\/cz\/wp-json\/wp\/v2\/pages\/1391","targetHints":{"allow":["GET"]}}],"collection":[{"href":"https:\/\/www.sorein.cz\/cz\/wp-json\/wp\/v2\/pages"}],"about":[{"href":"https:\/\/www.sorein.cz\/cz\/wp-json\/wp\/v2\/types\/page"}],"author":[{"embeddable":true,"href":"https:\/\/www.sorein.cz\/cz\/wp-json\/wp\/v2\/users\/1"}],"replies":[{"embeddable":true,"href":"https:\/\/www.sorein.cz\/cz\/wp-json\/wp\/v2\/comments?post=1391"}],"version-history":[{"count":9,"href":"https:\/\/www.sorein.cz\/cz\/wp-json\/wp\/v2\/pages\/1391\/revisions"}],"predecessor-version":[{"id":2702,"href":"https:\/\/www.sorein.cz\/cz\/wp-json\/wp\/v2\/pages\/1391\/revisions\/2702"}],"wp:featuredmedia":[{"embeddable":true,"href":"https:\/\/www.sorein.cz\/cz\/wp-json\/wp\/v2\/media\/1392"}],"wp:attachment":[{"href":"https:\/\/www.sorein.cz\/cz\/wp-json\/wp\/v2\/media?parent=1391"}],"curies":[{"name":"wp","href":"https:\/\/api.w.org\/{rel}","templated":true}]}}