{"id":1380,"date":"2016-05-19T12:46:17","date_gmt":"2016-05-19T12:46:17","guid":{"rendered":"http:\/\/www.sorein.cz\/cz\/?page_id=1380"},"modified":"2019-05-24T09:15:23","modified_gmt":"2019-05-24T09:15:23","slug":"melnicka-9","status":"publish","type":"page","link":"https:\/\/www.sorein.cz\/cz\/melnicka-9","title":{"rendered":"M\u011blnick\u00e1 580\/9, Praha 5"},"content":{"rendered":"<h2>Hotel Residence Mal\u00e1 Strana Praha<\/h2>\n<p style=\"font-size: 16px;\">Hotel Residence Mal\u00e1 Strana je t\u0159\u00edhv\u011bzdi\u010dkov\u00fd rodinn\u00fd hotel, kter\u00fd se nach\u00e1z\u00ed v tich\u00e9 uli\u010dce v bl\u00edzkosti Vltavy nedaleko hlavn\u00edch turistick\u00fdch atrakc\u00ed jako je Karl\u016fv most, N\u00e1rodn\u00ed divadlo, Pra\u017esk\u00fd hrad anebo Pet\u0159\u00ednsk\u00e9 sady.. P\u011btipatrov\u00fd Hotel Residence Mal\u00e1 Strana je situov\u00e1n v origin\u00e1ln\u00ed historick\u00e9 budov\u011b a nab\u00edz\u00ed pohodln\u00e9 ubytov\u00e1n\u00ed v 36 apartm\u00e1nech typu Junior a Senior Suite a\u017e pro 4 osoby . Apartm\u00e1ny jsou \u00fatuln\u00e9, prostorn\u00e9 ,pln\u011b vybaveny vlastn\u00ed koupelnou a kuchy\u0148kou s j\u00eddeln\u00edm stolem, co\u017e v\u00edce\u010dlenn\u00fdm rodin\u00e1m umo\u017en\u00ed p\u0159\u00edjemnou dom\u00e1c\u00ed atmosf\u00e9ru ob\u011bda nebo ve\u010de\u0159e, kter\u00e9 si mohou p\u0159ipravit po n\u00e1ro\u010dn\u00e9 vych\u00e1zce v rodinn\u00e9m prost\u0159ed\u00ed sami v apartm\u00e1nu. Na sn\u00eddan\u011b je k dispozici \u00fatuln\u00e1 sn\u00edd\u00e1rna. \u010cerstv\u011b renovovan\u00e1 hotelov\u00e1 recepce nab\u00edz\u00ed zdarma internetov\u00fd koutek a p\u0159\u00edjemn\u00e9 posezen\u00ed s LCD televiz\u00ed. Hotel Residence Mal\u00e1 Strana je ide\u00e1ln\u00edm \u0159e\u0161en\u00edm pro rodinn\u00e9 dovolen\u00e9. Jeho um\u00edst\u011bn\u00ed v sam\u00e9m centru Prahy umo\u017e\u0148uje host\u016fm hotelu velmi snadno nav\u0161t\u00edvit ve\u0161ker\u00e9 historick\u00e9 pam\u00e1tky. V jeho okol\u00ed se nach\u00e1z\u00ed i dostatek restaurac\u00ed, bar\u016f, obchod\u016f a dal\u0161\u00edch slu\u017eeb, kter\u00e9 host\u00e9 ur\u010dit\u011b ocen\u00ed. Hotel Residence Mal\u00e1 Strana se nach\u00e1z\u00ed pouh\u00fdch 50 metr\u016f od tramvajov\u00e9 zast\u00e1vky, ze kter\u00e9 se b\u011bhem 10 minut dostanete jak na Pra\u017esk\u00fd Hrad, tak i na V\u00e1clavsk\u00e9 n\u00e1m\u011bst\u00ed a 100 metr\u016f od n\u00e1stupn\u00ed stanice legend\u00e1rn\u00ed pra\u017esk\u00e9 lanovky na Pet\u0159\u00edn, kter\u00fd je se sv\u00fdmi sady a r\u016f\u017eovou zahradou dokonal\u00fdm m\u00edstem pro relax.<\/p>\n\n\n<ul class=\"wp-block-gallery columns-3 is-cropped wp-block-gallery-1 is-layout-flex wp-block-gallery-is-layout-flex\"><li class=\"blocks-gallery-item\"><figure><img loading=\"lazy\" decoding=\"async\" width=\"1024\" height=\"680\" src=\"http:\/\/www.sorein.cz\/cz\/wp-content\/uploads\/2019\/05\/hotel-mala-strana-reception-lobby-02-1024x680.jpg\" alt=\"\" data-id=\"2310\" data-link=\"http:\/\/www.sorein.cz\/cz\/melnicka-9\/hotel-mala-strana-reception-lobby-02\" class=\"wp-image-2310\" srcset=\"https:\/\/www.sorein.cz\/cz\/wp-content\/uploads\/2019\/05\/hotel-mala-strana-reception-lobby-02-1024x680.jpg 1024w, https:\/\/www.sorein.cz\/cz\/wp-content\/uploads\/2019\/05\/hotel-mala-strana-reception-lobby-02-900x598.jpg 900w, https:\/\/www.sorein.cz\/cz\/wp-content\/uploads\/2019\/05\/hotel-mala-strana-reception-lobby-02-768x510.jpg 768w\" sizes=\"auto, (max-width: 1024px) 100vw, 1024px\" \/><\/figure><\/li><li class=\"blocks-gallery-item\"><figure><img loading=\"lazy\" decoding=\"async\" width=\"1024\" height=\"680\" src=\"http:\/\/www.sorein.cz\/cz\/wp-content\/uploads\/2019\/05\/hotel-mala-strana-winter-garden-03-1024x680.jpg\" alt=\"\" data-id=\"2308\" data-link=\"http:\/\/www.sorein.cz\/cz\/melnicka-9\/hotel-mala-strana-winter-garden-03\" class=\"wp-image-2308\" srcset=\"https:\/\/www.sorein.cz\/cz\/wp-content\/uploads\/2019\/05\/hotel-mala-strana-winter-garden-03-1024x680.jpg 1024w, https:\/\/www.sorein.cz\/cz\/wp-content\/uploads\/2019\/05\/hotel-mala-strana-winter-garden-03-900x598.jpg 900w, https:\/\/www.sorein.cz\/cz\/wp-content\/uploads\/2019\/05\/hotel-mala-strana-winter-garden-03-768x510.jpg 768w\" sizes=\"auto, (max-width: 1024px) 100vw, 1024px\" \/><\/figure><\/li><li class=\"blocks-gallery-item\"><figure><img loading=\"lazy\" decoding=\"async\" width=\"1024\" height=\"680\" src=\"http:\/\/www.sorein.cz\/cz\/wp-content\/uploads\/2019\/05\/Hotel_Mala_Strana_garden_3-1024x680.jpg\" alt=\"\" data-id=\"2306\" data-link=\"http:\/\/www.sorein.cz\/cz\/melnicka-9\/hotel_mala_strana_garden_3\" class=\"wp-image-2306\" srcset=\"https:\/\/www.sorein.cz\/cz\/wp-content\/uploads\/2019\/05\/Hotel_Mala_Strana_garden_3-1024x680.jpg 1024w, https:\/\/www.sorein.cz\/cz\/wp-content\/uploads\/2019\/05\/Hotel_Mala_Strana_garden_3-900x598.jpg 900w, https:\/\/www.sorein.cz\/cz\/wp-content\/uploads\/2019\/05\/Hotel_Mala_Strana_garden_3-768x510.jpg 768w\" sizes=\"auto, (max-width: 1024px) 100vw, 1024px\" \/><\/figure><\/li><li class=\"blocks-gallery-item\"><figure><img loading=\"lazy\" decoding=\"async\" width=\"1024\" height=\"757\" src=\"http:\/\/www.sorein.cz\/cz\/wp-content\/uploads\/2019\/05\/malastrana1-1024x757.jpg\" alt=\"\" data-id=\"2314\" data-link=\"http:\/\/www.sorein.cz\/cz\/melnicka-9\/malastrana1-2\" class=\"wp-image-2314\" srcset=\"https:\/\/www.sorein.cz\/cz\/wp-content\/uploads\/2019\/05\/malastrana1-1024x757.jpg 1024w, https:\/\/www.sorein.cz\/cz\/wp-content\/uploads\/2019\/05\/malastrana1-900x665.jpg 900w, https:\/\/www.sorein.cz\/cz\/wp-content\/uploads\/2019\/05\/malastrana1-768x567.jpg 768w, https:\/\/www.sorein.cz\/cz\/wp-content\/uploads\/2019\/05\/malastrana1.jpg 1819w\" sizes=\"auto, (max-width: 1024px) 100vw, 1024px\" \/><\/figure><\/li><\/ul>\n","protected":false},"excerpt":{"rendered":"<p>Hotel Residence Mal\u00e1 Strana Praha Hotel Residence Mal\u00e1 Strana je t\u0159\u00edhv\u011bzdi\u010dkov\u00fd rodinn\u00fd hotel, kter\u00fd se nach\u00e1z\u00ed v tich\u00e9 uli\u010dce v bl\u00edzkosti Vltavy nedaleko hlavn\u00edch turistick\u00fdch atrakc\u00ed jako je Karl\u016fv most, N\u00e1rodn\u00ed divadlo, Pra\u017esk\u00fd hrad anebo Pet\u0159\u00ednsk\u00e9 sady.. P\u011btipatrov\u00fd Hotel Residence Mal\u00e1 Strana je situov\u00e1n v origin\u00e1ln\u00ed historick\u00e9 budov\u011b a nab\u00edz\u00ed pohodln\u00e9 ubytov\u00e1n\u00ed v 36 apartm\u00e1nech [&hellip;]<\/p>\n","protected":false},"author":1,"featured_media":2303,"parent":0,"menu_order":0,"comment_status":"closed","ping_status":"closed","template":"","meta":{"footnotes":""},"class_list":["post-1380","page","type-page","status-publish","has-post-thumbnail","hentry"],"_links":{"self":[{"href":"https:\/\/www.sorein.cz\/cz\/wp-json\/wp\/v2\/pages\/1380","targetHints":{"allow":["GET"]}}],"collection":[{"href":"https:\/\/www.sorein.cz\/cz\/wp-json\/wp\/v2\/pages"}],"about":[{"href":"https:\/\/www.sorein.cz\/cz\/wp-json\/wp\/v2\/types\/page"}],"author":[{"embeddable":true,"href":"https:\/\/www.sorein.cz\/cz\/wp-json\/wp\/v2\/users\/1"}],"replies":[{"embeddable":true,"href":"https:\/\/www.sorein.cz\/cz\/wp-json\/wp\/v2\/comments?post=1380"}],"version-history":[{"count":9,"href":"https:\/\/www.sorein.cz\/cz\/wp-json\/wp\/v2\/pages\/1380\/revisions"}],"predecessor-version":[{"id":2658,"href":"https:\/\/www.sorein.cz\/cz\/wp-json\/wp\/v2\/pages\/1380\/revisions\/2658"}],"wp:featuredmedia":[{"embeddable":true,"href":"https:\/\/www.sorein.cz\/cz\/wp-json\/wp\/v2\/media\/2303"}],"wp:attachment":[{"href":"https:\/\/www.sorein.cz\/cz\/wp-json\/wp\/v2\/media?parent=1380"}],"curies":[{"name":"wp","href":"https:\/\/api.w.org\/{rel}","templated":true}]}}