{"id":1370,"date":"2016-05-19T09:43:20","date_gmt":"2016-05-19T09:43:20","guid":{"rendered":"http:\/\/www.sorein.cz\/cz\/?page_id=1370"},"modified":"2020-01-07T11:51:20","modified_gmt":"2020-01-07T11:51:20","slug":"legerova-54","status":"publish","type":"page","link":"https:\/\/www.sorein.cz\/cz\/legerova-54","title":{"rendered":"Legerova 485\/54, Praha 2"},"content":{"rendered":"<h2>Hotel Raffaello Praha<br \/>2009<\/h2>\n<p style=\"font-size: 16px;\">Rekonstrukce hotelu Raffaello prob\u011bhla v roce 2009. Hotel je situov\u00e1n v budov\u011b typick\u00e9 pro Prahu 19. stolet\u00ed. 29 dvoul\u016f\u017ekov\u00fdmi pokoji s mo\u017enost\u00ed p\u0159ist\u00fdlky a 5 apartm\u00e1n\u016f.<\/p>\n\n\n<ul class=\"wp-block-gallery columns-3 is-cropped wp-block-gallery-1 is-layout-flex wp-block-gallery-is-layout-flex\"><li class=\"blocks-gallery-item\"><figure><img loading=\"lazy\" decoding=\"async\" width=\"764\" height=\"1000\" src=\"http:\/\/www.sorein.cz\/cz\/wp-content\/uploads\/2012\/02\/Raffaelo-2.jpg\" alt=\"\" data-id=\"546\" data-link=\"http:\/\/www.sorein.cz\/cz\/raffaelo-2\" class=\"wp-image-546\" srcset=\"https:\/\/www.sorein.cz\/cz\/wp-content\/uploads\/2012\/02\/Raffaelo-2.jpg 764w, https:\/\/www.sorein.cz\/cz\/wp-content\/uploads\/2012\/02\/Raffaelo-2-534x700.jpg 534w\" sizes=\"auto, (max-width: 764px) 100vw, 764px\" \/><figcaption>Hotel Raffaello<\/figcaption><\/figure><\/li><li class=\"blocks-gallery-item\"><figure><img loading=\"lazy\" decoding=\"async\" width=\"640\" height=\"428\" src=\"http:\/\/www.sorein.cz\/cz\/wp-content\/uploads\/2016\/05\/raffaelloF007.jpg\" alt=\"\" data-id=\"1374\" data-link=\"http:\/\/www.sorein.cz\/cz\/legerova-54\/raffaellof007\" class=\"wp-image-1374\"\/><figcaption>Pokoj<\/figcaption><\/figure><\/li><li class=\"blocks-gallery-item\"><figure><img loading=\"lazy\" decoding=\"async\" width=\"640\" height=\"468\" src=\"http:\/\/www.sorein.cz\/cz\/wp-content\/uploads\/2016\/05\/raffaelloF005.jpg\" alt=\"\" data-id=\"1373\" data-link=\"http:\/\/www.sorein.cz\/cz\/legerova-54\/raffaellof005\" class=\"wp-image-1373\"\/><figcaption>Koupelna<\/figcaption><\/figure><\/li><li class=\"blocks-gallery-item\"><figure><img loading=\"lazy\" decoding=\"async\" width=\"1024\" height=\"707\" src=\"http:\/\/www.sorein.cz\/cz\/wp-content\/uploads\/2013\/07\/hotel-raffaello-prague-room-07-1024x707.jpg\" alt=\"\" data-id=\"1177\" data-link=\"http:\/\/www.sorein.cz\/cz\/hotel-raffaello-prague-room-07\" class=\"wp-image-1177\" srcset=\"https:\/\/www.sorein.cz\/cz\/wp-content\/uploads\/2013\/07\/hotel-raffaello-prague-room-07-1024x707.jpg 1024w, https:\/\/www.sorein.cz\/cz\/wp-content\/uploads\/2013\/07\/hotel-raffaello-prague-room-07-900x622.jpg 900w, https:\/\/www.sorein.cz\/cz\/wp-content\/uploads\/2013\/07\/hotel-raffaello-prague-room-07.jpg 1736w\" sizes=\"auto, (max-width: 1024px) 100vw, 1024px\" \/><\/figure><\/li><li class=\"blocks-gallery-item\"><figure><img loading=\"lazy\" decoding=\"async\" width=\"1024\" height=\"886\" src=\"http:\/\/www.sorein.cz\/cz\/wp-content\/uploads\/2013\/07\/hotel-raffaello-prague-apartment-04-1024x886.jpg\" alt=\"\" data-id=\"1173\" data-link=\"http:\/\/www.sorein.cz\/cz\/hotel-raffaello-prague-apartment-04\" class=\"wp-image-1173\" srcset=\"https:\/\/www.sorein.cz\/cz\/wp-content\/uploads\/2013\/07\/hotel-raffaello-prague-apartment-04-1024x886.jpg 1024w, https:\/\/www.sorein.cz\/cz\/wp-content\/uploads\/2013\/07\/hotel-raffaello-prague-apartment-04-808x700.jpg 808w, https:\/\/www.sorein.cz\/cz\/wp-content\/uploads\/2013\/07\/hotel-raffaello-prague-apartment-04.jpg 1386w\" sizes=\"auto, (max-width: 1024px) 100vw, 1024px\" \/><\/figure><\/li><li class=\"blocks-gallery-item\"><figure><img loading=\"lazy\" decoding=\"async\" width=\"1024\" height=\"825\" src=\"http:\/\/www.sorein.cz\/cz\/wp-content\/uploads\/2013\/07\/hotel-raffaello-prague-apartment-08-1024x825.jpg\" alt=\"\" data-id=\"1174\" data-link=\"http:\/\/www.sorein.cz\/cz\/hotel-raffaello-prague-apartment-08\" class=\"wp-image-1174\" srcset=\"https:\/\/www.sorein.cz\/cz\/wp-content\/uploads\/2013\/07\/hotel-raffaello-prague-apartment-08-1024x825.jpg 1024w, https:\/\/www.sorein.cz\/cz\/wp-content\/uploads\/2013\/07\/hotel-raffaello-prague-apartment-08-868x700.jpg 868w, https:\/\/www.sorein.cz\/cz\/wp-content\/uploads\/2013\/07\/hotel-raffaello-prague-apartment-08.jpg 1489w\" sizes=\"auto, (max-width: 1024px) 100vw, 1024px\" \/><\/figure><\/li><\/ul>\n\n\n\n<ul class=\"wp-block-gallery columns-0 is-cropped wp-block-gallery-2 is-layout-flex wp-block-gallery-is-layout-flex\"><\/ul>\n","protected":false},"excerpt":{"rendered":"<p>Hotel Raffaello Praha2009 Rekonstrukce hotelu Raffaello prob\u011bhla v roce 2009. Hotel je situov\u00e1n v budov\u011b typick\u00e9 pro Prahu 19. stolet\u00ed. 29 dvoul\u016f\u017ekov\u00fdmi pokoji s mo\u017enost\u00ed p\u0159ist\u00fdlky a 5 apartm\u00e1n\u016f.<\/p>\n","protected":false},"author":1,"featured_media":545,"parent":0,"menu_order":0,"comment_status":"closed","ping_status":"closed","template":"","meta":{"footnotes":""},"class_list":["post-1370","page","type-page","status-publish","has-post-thumbnail","hentry"],"_links":{"self":[{"href":"https:\/\/www.sorein.cz\/cz\/wp-json\/wp\/v2\/pages\/1370","targetHints":{"allow":["GET"]}}],"collection":[{"href":"https:\/\/www.sorein.cz\/cz\/wp-json\/wp\/v2\/pages"}],"about":[{"href":"https:\/\/www.sorein.cz\/cz\/wp-json\/wp\/v2\/types\/page"}],"author":[{"embeddable":true,"href":"https:\/\/www.sorein.cz\/cz\/wp-json\/wp\/v2\/users\/1"}],"replies":[{"embeddable":true,"href":"https:\/\/www.sorein.cz\/cz\/wp-json\/wp\/v2\/comments?post=1370"}],"version-history":[{"count":20,"href":"https:\/\/www.sorein.cz\/cz\/wp-json\/wp\/v2\/pages\/1370\/revisions"}],"predecessor-version":[{"id":2693,"href":"https:\/\/www.sorein.cz\/cz\/wp-json\/wp\/v2\/pages\/1370\/revisions\/2693"}],"wp:featuredmedia":[{"embeddable":true,"href":"https:\/\/www.sorein.cz\/cz\/wp-json\/wp\/v2\/media\/545"}],"wp:attachment":[{"href":"https:\/\/www.sorein.cz\/cz\/wp-json\/wp\/v2\/media?parent=1370"}],"curies":[{"name":"wp","href":"https:\/\/api.w.org\/{rel}","templated":true}]}}