{"id":1363,"date":"2016-05-19T09:13:41","date_gmt":"2016-05-19T09:13:41","guid":{"rendered":"http:\/\/www.sorein.cz\/cz\/?page_id=1363"},"modified":"2020-01-07T11:04:58","modified_gmt":"2020-01-07T11:04:58","slug":"tylovo-namesti-5","status":"publish","type":"page","link":"https:\/\/www.sorein.cz\/cz\/tylovo-namesti-5","title":{"rendered":"Tylovo n\u00e1m\u011bst\u00ed 668\/5, Praha 2"},"content":{"rendered":"<h2>Hotel Tyl Praha<br \/>2008<\/h2>\n<p style=\"font-size: 16px;\">\u00a0<\/p>\n\n\n<ul class=\"wp-block-gallery columns-3 is-cropped wp-block-gallery-1 is-layout-flex wp-block-gallery-is-layout-flex\"><li class=\"blocks-gallery-item\"><figure><img loading=\"lazy\" decoding=\"async\" width=\"1024\" height=\"683\" src=\"http:\/\/www.sorein.cz\/cz\/wp-content\/uploads\/2019\/03\/yj5b8181-copy-1024x683.jpg\" alt=\"\" data-id=\"2153\" data-link=\"http:\/\/www.sorein.cz\/cz\/tylovo-namesti-5\/yj5b8181-copy\" class=\"wp-image-2153\" srcset=\"https:\/\/www.sorein.cz\/cz\/wp-content\/uploads\/2019\/03\/yj5b8181-copy-1024x683.jpg 1024w, https:\/\/www.sorein.cz\/cz\/wp-content\/uploads\/2019\/03\/yj5b8181-copy-900x600.jpg 900w, https:\/\/www.sorein.cz\/cz\/wp-content\/uploads\/2019\/03\/yj5b8181-copy-768x512.jpg 768w\" sizes=\"auto, (max-width: 1024px) 100vw, 1024px\" \/><\/figure><\/li><li class=\"blocks-gallery-item\"><figure><img loading=\"lazy\" decoding=\"async\" width=\"1024\" height=\"683\" src=\"http:\/\/www.sorein.cz\/cz\/wp-content\/uploads\/2019\/03\/yj5b6825-copy-1024x683.jpg\" alt=\"\" data-id=\"2151\" data-link=\"http:\/\/www.sorein.cz\/cz\/tylovo-namesti-5\/yj5b6825-copy\" class=\"wp-image-2151\" srcset=\"https:\/\/www.sorein.cz\/cz\/wp-content\/uploads\/2019\/03\/yj5b6825-copy-1024x683.jpg 1024w, https:\/\/www.sorein.cz\/cz\/wp-content\/uploads\/2019\/03\/yj5b6825-copy-900x600.jpg 900w, https:\/\/www.sorein.cz\/cz\/wp-content\/uploads\/2019\/03\/yj5b6825-copy-768x512.jpg 768w\" sizes=\"auto, (max-width: 1024px) 100vw, 1024px\" \/><\/figure><\/li><li class=\"blocks-gallery-item\"><figure><img loading=\"lazy\" decoding=\"async\" width=\"1024\" height=\"723\" src=\"http:\/\/www.sorein.cz\/cz\/wp-content\/uploads\/2019\/03\/yj5b6817-copy-1024x723.jpg\" alt=\"\" data-id=\"2149\" data-link=\"http:\/\/www.sorein.cz\/cz\/tylovo-namesti-5\/yj5b6817-copy\" class=\"wp-image-2149\" srcset=\"https:\/\/www.sorein.cz\/cz\/wp-content\/uploads\/2019\/03\/yj5b6817-copy-1024x723.jpg 1024w, https:\/\/www.sorein.cz\/cz\/wp-content\/uploads\/2019\/03\/yj5b6817-copy-900x635.jpg 900w, https:\/\/www.sorein.cz\/cz\/wp-content\/uploads\/2019\/03\/yj5b6817-copy-768x542.jpg 768w\" sizes=\"auto, (max-width: 1024px) 100vw, 1024px\" \/><\/figure><\/li><li class=\"blocks-gallery-item\"><figure><img loading=\"lazy\" decoding=\"async\" width=\"1024\" height=\"683\" src=\"http:\/\/www.sorein.cz\/cz\/wp-content\/uploads\/2019\/03\/yj5b6707-copy-1024x683.jpg\" alt=\"\" data-id=\"2147\" data-link=\"http:\/\/www.sorein.cz\/cz\/tylovo-namesti-5\/yj5b6707-copy\" class=\"wp-image-2147\" srcset=\"https:\/\/www.sorein.cz\/cz\/wp-content\/uploads\/2019\/03\/yj5b6707-copy-1024x683.jpg 1024w, https:\/\/www.sorein.cz\/cz\/wp-content\/uploads\/2019\/03\/yj5b6707-copy-900x600.jpg 900w, https:\/\/www.sorein.cz\/cz\/wp-content\/uploads\/2019\/03\/yj5b6707-copy-768x512.jpg 768w\" sizes=\"auto, (max-width: 1024px) 100vw, 1024px\" \/><\/figure><\/li><li class=\"blocks-gallery-item\"><figure><img loading=\"lazy\" decoding=\"async\" width=\"1024\" height=\"683\" src=\"http:\/\/www.sorein.cz\/cz\/wp-content\/uploads\/2019\/03\/yj5b6080-1024x683.jpg\" alt=\"\" data-id=\"2145\" data-link=\"http:\/\/www.sorein.cz\/cz\/tylovo-namesti-5\/yj5b6080\" class=\"wp-image-2145\" srcset=\"https:\/\/www.sorein.cz\/cz\/wp-content\/uploads\/2019\/03\/yj5b6080-1024x683.jpg 1024w, https:\/\/www.sorein.cz\/cz\/wp-content\/uploads\/2019\/03\/yj5b6080-900x600.jpg 900w, https:\/\/www.sorein.cz\/cz\/wp-content\/uploads\/2019\/03\/yj5b6080-768x512.jpg 768w\" sizes=\"auto, (max-width: 1024px) 100vw, 1024px\" \/><\/figure><\/li><li class=\"blocks-gallery-item\"><figure><img loading=\"lazy\" decoding=\"async\" width=\"1024\" height=\"683\" src=\"http:\/\/www.sorein.cz\/cz\/wp-content\/uploads\/2019\/03\/yj5b5855-1024x683.jpg\" alt=\"\" data-id=\"2143\" data-link=\"http:\/\/www.sorein.cz\/cz\/tylovo-namesti-5\/yj5b5855\" class=\"wp-image-2143\" srcset=\"https:\/\/www.sorein.cz\/cz\/wp-content\/uploads\/2019\/03\/yj5b5855-1024x683.jpg 1024w, https:\/\/www.sorein.cz\/cz\/wp-content\/uploads\/2019\/03\/yj5b5855-900x600.jpg 900w, https:\/\/www.sorein.cz\/cz\/wp-content\/uploads\/2019\/03\/yj5b5855-768x512.jpg 768w\" sizes=\"auto, (max-width: 1024px) 100vw, 1024px\" \/><\/figure><\/li><\/ul>\n","protected":false},"excerpt":{"rendered":"<p>Hotel Tyl Praha2008 \u00a0<\/p>\n","protected":false},"author":1,"featured_media":2182,"parent":0,"menu_order":0,"comment_status":"closed","ping_status":"closed","template":"","meta":{"footnotes":""},"class_list":["post-1363","page","type-page","status-publish","has-post-thumbnail","hentry"],"_links":{"self":[{"href":"https:\/\/www.sorein.cz\/cz\/wp-json\/wp\/v2\/pages\/1363","targetHints":{"allow":["GET"]}}],"collection":[{"href":"https:\/\/www.sorein.cz\/cz\/wp-json\/wp\/v2\/pages"}],"about":[{"href":"https:\/\/www.sorein.cz\/cz\/wp-json\/wp\/v2\/types\/page"}],"author":[{"embeddable":true,"href":"https:\/\/www.sorein.cz\/cz\/wp-json\/wp\/v2\/users\/1"}],"replies":[{"embeddable":true,"href":"https:\/\/www.sorein.cz\/cz\/wp-json\/wp\/v2\/comments?post=1363"}],"version-history":[{"count":16,"href":"https:\/\/www.sorein.cz\/cz\/wp-json\/wp\/v2\/pages\/1363\/revisions"}],"predecessor-version":[{"id":2681,"href":"https:\/\/www.sorein.cz\/cz\/wp-json\/wp\/v2\/pages\/1363\/revisions\/2681"}],"wp:featuredmedia":[{"embeddable":true,"href":"https:\/\/www.sorein.cz\/cz\/wp-json\/wp\/v2\/media\/2182"}],"wp:attachment":[{"href":"https:\/\/www.sorein.cz\/cz\/wp-json\/wp\/v2\/media?parent=1363"}],"curies":[{"name":"wp","href":"https:\/\/api.w.org\/{rel}","templated":true}]}}